{"id":485,"date":"2022-01-11T14:20:35","date_gmt":"2022-01-11T17:20:35","guid":{"rendered":"http:\/\/homolog.origgami.com.br\/origgami-site-base-v3\/?page_id=485"},"modified":"2023-12-19T16:37:49","modified_gmt":"2023-12-19T19:37:49","slug":"cookies-policy","status":"publish","type":"page","link":"https:\/\/heptech.com.br\/pb\/cookies-policy\/","title":{"rendered":"Pol\u00edtica de Cookies"},"content":{"rendered":"<div class=\"wpb-content-wrapper\"><p><\/p>\n<p>[vc_row el_class=&#8221;max-width-800&#8243;][vc_column][vc_column_text]<\/p>\n<p><strong>POL\u00cdTICA DE COOKIES<\/strong><\/p>\n<p>Se quiser saber mais sobre o uso de cookies neste site, voc\u00ea est\u00e1 no lugar certo.<\/p>\n<p>Em seguida, vamos explicar o que s\u00e3o exatamente os cookies; quais os tipos de cookies utilizados; e para que e como voc\u00ea pode exercer o seu direito para configurar seu navegador e rejeitar o uso de qualquer um deles.<\/p>\n<p>No entanto, se voc\u00ea decidir n\u00e3o usar alguns cookies, este site pode n\u00e3o funcionar perfeitamente, afetando a sua experi\u00eancia de usu\u00e1rio.<\/p>\n<p><strong>O QUE \u00c9 UM COOKIE?<\/strong><\/p>\n<p>Um cookie \u00e9 um arquivo de texto que \u00e9 baixado em seu computador ao acessar determinadas p\u00e1ginas da web.<\/p>\n<p>Os cookies permitem a essa p\u00e1gina, entre outras coisas, armazenar e recuperar informa\u00e7\u00e3o sobre os seus h\u00e1bitos de navega\u00e7\u00e3o ou de sua equipe, e de acordo com a informa\u00e7\u00e3o que cont\u00e9m e do modo como voc\u00ea usa seu computador, podem ser utilizadas para lhe reconhecer.<\/p>\n<p>O navegador do usu\u00e1rio memoriza cookies no disco r\u00edgido, apenas durante a sess\u00e3o atual, ocupando um espa\u00e7o de mem\u00f3ria m\u00ednima e n\u00e3o prejudicial ao computador. Os cookies n\u00e3o cont\u00eam nenhum tipo de informa\u00e7\u00e3o pessoal espec\u00edfica, e a maioria das mesmas s\u00e3o apagadas do disco r\u00edgido ao encerrar a sess\u00e3o do navegador (chamados cookies de sess\u00e3o).<\/p>\n<p>A maioria dos navegadores aceita como padr\u00e3o os cookies e, com a independ\u00eancia dos mesmos, permitem ou impedem as defini\u00e7\u00f5es de seguran\u00e7a dos cookies tempor\u00e1rios ou memorizados.<\/p>\n<p>Os cookies associam-se ao navegador, n\u00e3o \u00e0 pessoa, por isso n\u00e3o costumam armazenar informa\u00e7\u00f5es sens\u00edveis sobre voc\u00ea como cart\u00f5es de cr\u00e9dito ou dados banc\u00e1rios, fotografias, informa\u00e7\u00f5es pessoais e etc.<\/p>\n<p>Os dados que guardam s\u00e3o de car\u00e1ter t\u00e9cnico, estat\u00edsticos, prefer\u00eancias pessoais e personaliza\u00e7\u00e3o de conte\u00fado.<\/p>\n<p><strong>ACEITA\u00c7\u00c3O DE COOKIES: REGULAMENTA\u00c7\u00c3O VIGENTE<\/strong><\/p>\n<p>Ao acessar este site, e de acordo com a normativa vigente em mat\u00e9ria de prote\u00e7\u00e3o de dados, informamos o uso de cookies, dando-lhe a op\u00e7\u00e3o de aceitar expressamente e de ter acesso a mais informa\u00e7\u00f5es atrav\u00e9s desta Pol\u00edtica de Cookies.<\/p>\n<p>Voc\u00ea deve saber que, no caso de continuar navegando, voc\u00ea est\u00e1 dando seu consentimento para a utiliza\u00e7\u00e3o de cookies. Mas, em qualquer momento, pode mudar de opini\u00e3o e bloquear a sua utiliza\u00e7\u00e3o atrav\u00e9s de seu navegador.<\/p>\n<p>Para sua total tranquilidade, este site est\u00e1 em conformidade com o estipulado na legisla\u00e7\u00e3o em vigor em rela\u00e7\u00e3o com o uso de cookies e de seus dados pessoais:<\/p>\n<ul>\n<li><a href=\"https:\/\/www12.senado.leg.br\/noticias\/materias\/2018\/07\/10\/projeto-de-lei-geral-de-protecao-de-dados-pessoais-e-aprovado-no-senado\">Lei geral de prote\u00e7\u00e3o de dados pessoais<\/a> (projeto de lei aprovado recentemente, baseado na lei Europeia)<\/li>\n<\/ul>\n<ul>\n<li><a href=\"http:\/\/www.planalto.gov.br\/ccivil_03\/_ato2011-2014\/2014\/lei\/l12965.htm\">Lei Brasileira n.\u00ba 12.965, de 2014<\/a><\/li>\n<\/ul>\n<ul>\n<li><a href=\"https:\/\/publications.europa.eu\/pt\/publication-detail\/-\/publication\/3e485e15-11bd-11e6-ba9a-01aa75ed71a1\">RGPD (Regulamento (UE) 2016\/679 do Parlamento Europeu e do Conselho, de 27 de abril de 2016, relativo \u00e0 prote\u00e7\u00e3o das pessoas f\u00edsicas)<\/a> que \u00e9 a nova legisla\u00e7\u00e3o da Uni\u00e3o Europeia que unifica a regulamenta\u00e7\u00e3o do tratamento dos dados pessoais nos diferentes pa\u00edses da UE.<\/li>\n<\/ul>\n<p>Esta Pol\u00edtica de Cookies pode ser alterada a qualquer momento para se adaptar \u00e0s novidades legislativas ou mudan\u00e7as em nossas atividades, sendo vigente a cada momento a pol\u00edtica que est\u00e1 publicada no site. Em caso de altera\u00e7\u00f5es avisaremos no site.<\/p>\n<p><strong>TIPOS DE COOKIES<\/strong><\/p>\n<p>Para oferecer uma melhor experi\u00eancia do usu\u00e1rio, para obter dados anal\u00edticos, armazenar e recuperar informa\u00e7\u00e3o acerca dos seus h\u00e1bitos de navega\u00e7\u00e3o ou de sua equipe e desenvolver a sua atividade, o site utiliza cookies pr\u00f3prios e de terceiros.<\/p>\n<p>Quais os tipos de cookies s\u00e3o utilizados neste site?<\/p>\n<p><u>Cookies t\u00e9cnicos<\/u><\/p>\n<p>S\u00e3o aqueles que permitem ao usu\u00e1rio a navega\u00e7\u00e3o atrav\u00e9s de uma p\u00e1gina web, plataforma ou aplica\u00e7\u00e3o e a utiliza\u00e7\u00e3o das diferentes op\u00e7\u00f5es ou servi\u00e7os que nela existam, como, por exemplo, controlar o tr\u00e2nsito e a comunica\u00e7\u00e3o de dados, identificar a sess\u00e3o, acessar partes de acesso restrito, recordar os elementos que integram um pedido, realizar o processo de compra de um pedido, realizar o pedido de inscri\u00e7\u00e3o ou participa\u00e7\u00e3o em um evento, usar itens de seguran\u00e7a durante a navega\u00e7\u00e3o, armazenar conte\u00fados para a difus\u00e3o de v\u00eddeos ou som ou compartilhar conte\u00fado atrav\u00e9s das redes sociais.<\/p>\n<p><u>Cookies de personaliza\u00e7\u00e3o<\/u><\/p>\n<p>S\u00e3o aquelas que permitem ao utilizador acessar o servi\u00e7o, com algumas caracter\u00edsticas de car\u00e1ter geral predefinidas em fun\u00e7\u00e3o de uma s\u00e9rie de crit\u00e9rios, em que o terminal do usu\u00e1rio como, por exemplo, seria o idioma, o tipo de navegador atrav\u00e9s do qual acessa o servi\u00e7o, a localidade de onde acessa ao servi\u00e7o, etc.<\/p>\n<p><u>Cookies de an\u00e1lise<\/u><\/p>\n<p>S\u00e3o aqueles que bem tratadas por n\u00f3s ou por terceiros, nos permitem quantificar o n\u00famero de usu\u00e1rios, e assim, realizar a medi\u00e7\u00e3o e a an\u00e1lise estat\u00edstica da utiliza\u00e7\u00e3o que os usu\u00e1rios fazem do servi\u00e7o oferecido. Para isso, ele analisa a sua navega\u00e7\u00e3o em nosso site, com o fim de melhorar a oferta de produtos ou servi\u00e7os que lhe oferecemos.<\/p>\n<p><u>Cookies de publicidade<\/u><\/p>\n<p>S\u00e3o aqueles que bem tratados por n\u00f3s ou por terceiros, nos permitem gerir de forma mais eficaz poss\u00edvel a oferta de espa\u00e7os publicit\u00e1rios na p\u00e1gina web, adequando o conte\u00fado do an\u00fancio ao conte\u00fado do servi\u00e7o solicitado ou ao uso que se fa\u00e7a da nossa p\u00e1gina web. Para isso podemos analisar seus h\u00e1bitos de navega\u00e7\u00e3o na internet e podemos mostrar publicidade relacionada com o seu perfil de navega\u00e7\u00e3o.<\/p>\n<p><u>Cookies de publicidade comportamental<\/u><\/p>\n<p>S\u00e3o aquelas que permitem a gest\u00e3o, da forma mais eficiente poss\u00edvel, dos espa\u00e7os publicit\u00e1rios que, no seu caso, o editor tenha inclu\u00eddo em uma p\u00e1gina da web, aplica\u00e7\u00e3o ou plataforma a partir da qual presta o servi\u00e7o solicitado. Estes cookies armazenam informa\u00e7\u00e3o do comportamento dos usu\u00e1rios, obtidas atrav\u00e9s da observa\u00e7\u00e3o cont\u00ednua de seus h\u00e1bitos de navega\u00e7\u00e3o, o que permite desenvolver um perfil espec\u00edfico para exibir publicidade em fun\u00e7\u00e3o do mesmo.<\/p>\n<p><u>\u00a0<\/u><\/p>\n<p><u>Cookies de terceiros<\/u><\/p>\n<p>Este site pode usar servi\u00e7os de terceiros que, por conta do Google, recolhem informa\u00e7\u00e3o para fins estat\u00edsticos, de uso do site por parte do usu\u00e1rio e para a presta\u00e7\u00e3o de outros servi\u00e7os relacionados com a atividade do mesmo e outros servi\u00e7os de Internet. Este site, como a maioria dos sites, inclui funcionalidades que s\u00e3o fornecidas por terceiros.<\/p>\n<p>\u00c9 importante que voc\u00ea saiba que existem os cookies tempor\u00e1rios e que nem sempre eles s\u00e3o poss\u00edveis de informar. Esses cookies tem apenas fins de estudo, avalia\u00e7\u00e3o e proporcionam novas funcionalidades.<\/p>\n<p>Em nenhum caso ser\u00e3o utilizados cookies que comprometam a sua privacidade.<\/p>\n<p>Entre as cookies de terceiros mais est\u00e1veis que podem ser instalados est\u00e3o:<\/p>\n<ul>\n<li>Cookies De E-mail Marketing<\/li>\n<li>Plataformas De Servi\u00e7os De Afilia\u00e7\u00e3o<\/li>\n<li>Cookies De Redes Sociais<\/li>\n<\/ul>\n<p>Cookies de redes sociais podem ser armazenadas no seu navegador enquanto voc\u00ea navega pelo site.<\/p>\n<p>As empresas que geram esses cookies:<\/p>\n<ul>\n<li>Cookie do Twitter, segundo o disposto em sua Pol\u00edtica de privacidade e de uso de cookies.<\/li>\n<li>Cookie do Google+, de acordo com o disposto em sua Pol\u00edtica de cookies.<\/li>\n<li>Cookie de Pinterest, segundo o disposto em sua Pol\u00edtica de privacidade e de utiliza\u00e7\u00e3o de cookies.<\/li>\n<li>Cookie do LinkedIn, segundo o disposto em sua Pol\u00edtica de cookies.<\/li>\n<li>Cookie de Facebook, de acordo com o disposto em sua Pol\u00edtica de cookies.<\/li>\n<li>Cookie do YouTube, de acordo com o disposto em sua Pol\u00edtica de cookies.<\/li>\n<li>Cookie de Instagram, segundo o disposto em sua Pol\u00edtica de cookies.<\/li>\n<\/ul>\n<p>Assim, as implica\u00e7\u00f5es de privacidade ser\u00e3o em fun\u00e7\u00e3o de cada rede social e dependem da configura\u00e7\u00e3o de privacidade que tenha nessa rede.<\/p>\n<p>Em nenhum caso, n\u00f3s, nem terceiros, podemos obter informa\u00e7\u00f5es de identifica\u00e7\u00e3o pessoal de cookies.<\/p>\n<p><strong>COOKIES DO GOOGLE ANALYTICS<\/strong><\/p>\n<p>Em particular, este site utiliza o Google Analytics, um servi\u00e7o de an\u00e1lise web fornecido pela Google, Inc. com sede nos Estados Unidos, com sede em 1600 Amphitheatre Parkway, Mountain View, ca 94043.<\/p>\n<p>Para a presta\u00e7\u00e3o destes servi\u00e7os, o Google utiliza cookies que coletam informa\u00e7\u00f5es, incluindo o endere\u00e7o IP do usu\u00e1rio, que ser\u00e1 transmitida, tratada e armazenada pelo Google nos termos fixados na web Google.com. Isso inclui a poss\u00edvel transmiss\u00e3o de tais informa\u00e7\u00f5es a terceiros por motivos de exig\u00eancia legal ou quando estes terceiros processem a informa\u00e7\u00e3o por conta do Google.<\/p>\n<p>Para consultar o tipo de cookie utilizado pelo Google, al\u00e9m do cookie do Google+ e Google Maps na url abaixo:<\/p>\n<p><a href=\"https:\/\/policies.google.com\/technologies\/types?hl=pt-br\">https:\/\/policies.google.com\/technologies\/types?hl=pt-br<\/a><\/p>\n<p><strong>OUTRAS ESPECIFICA\u00c7\u00d5ES DE COOKIES<\/strong><\/p>\n<p>Personaliza\u00e7\u00e3o: estes cookies me ajudam a lembrar com que pessoas ou sites voc\u00ea interagiu, para que possa mostrar conte\u00fado relacionado.<\/p>\n<p>Prefer\u00eancias: estes cookies nos permitem recordar as suas defini\u00e7\u00f5es e prefer\u00eancias, como o seu idioma preferido, e sua configura\u00e7\u00e3o de privacidade.<\/p>\n<p>Seguran\u00e7a: estes cookies s\u00e3o para evitar criar riscos de seguran\u00e7a.<\/p>\n<p><strong>POSS\u00cdVEIS COOKIES DE TERCEIROS<\/strong><\/p>\n<p><u>O Google Tag Manager: <\/u><\/p>\n<p>O Google Tag Manager \u00e9 um sistema de gest\u00e3o de etiquetas que permite atualizar de forma r\u00e1pida e f\u00e1cil, as etiquetas e os fragmentos de c\u00f3digo do site ou aplicativo m\u00f3vel. Uma vez que o fragmento de Tag Manager foi adicionado ao site ou aplicativo m\u00f3vel, voc\u00ea pode configurar as etiquetas atrav\u00e9s de uma interface de usu\u00e1rio baseada na Web, sem ter que mudar e implementar o c\u00f3digo adicional. Deste modo, reduz-se o n\u00famero de erros e evita-se recorrer a um programador ou desenvolvedor para fazer mudan\u00e7as.<\/p>\n<p><u>GA Audiences: <\/u><\/p>\n<p>Recolhem o comportamento dos usu\u00e1rios no site e os agrupa em audi\u00eancias de remarketing com base nos crit\u00e9rios que definem. S\u00e3o utilizados principalmente em campanhas de remarketing do google Ads em redes de pesquisa e Display.<\/p>\n<p><u>O Google Ads Conversion: <\/u><\/p>\n<p>Trata-se do pixel, que recolhe as convers\u00f5es do Google Ads.<\/p>\n<p><u>\u00a0<\/u><\/p>\n<p><u>O Google Ads User List: <\/u><\/p>\n<p>Idem que GA Audiencies, mas permite criar listas de remarketing do google Ads diretamente.<\/p>\n<p><u>\u00a0<\/u><\/p>\n<p><u>Google Dynamic Remarketing: <\/u><\/p>\n<p>\u00c9 uma etiqueta que permite fazer remarketing para os visitantes de nosso site na rede de Display do Google com an\u00fancios que cont\u00eam produtos que j\u00e1 vimos.<\/p>\n<p><u>Facebook Custom Audience: <\/u><\/p>\n<p>Recolhem o comportamento dos usu\u00e1rios no site e os agrupa em audi\u00eancias de remarketing com base nos crit\u00e9rios que definem.<\/p>\n<p><u>Facebook Pixel: <\/u><\/p>\n<p>Facebook Pixel \u00e9 uma ferramenta de an\u00e1lise que nos ajuda a medir a efic\u00e1cia da nossa publicidade, elabora\u00e7\u00e3o de relat\u00f3rios das a\u00e7\u00f5es que as pessoas fazem quando visitam o site.<\/p>\n<p><u>Facebook Impression: <\/u><\/p>\n<p>Permite rastrear as impress\u00f5es em campanhas CPM.<\/p>\n<p>Fa<u>cebook Connect: <\/u><\/p>\n<p>Permite navegar na Internet com a sua identidade de usu\u00e1rio. Assim, um usu\u00e1rio pode comentar e compartilhar conte\u00fado de outros sites e toda esta atividade aparecer\u00e1 no seu mural. No nosso site \u00e9 feito atrav\u00e9s do bot\u00e3o de Compartilhar nas fichas de produto e outras p\u00e1ginas da web.<\/p>\n<p><strong>GERIR E RECUSAR O USO DE COOKIES<\/strong><\/p>\n<p>Em qualquer momento, voc\u00ea pode adaptar a configura\u00e7\u00e3o do navegador para gerenciar, rejeitar o uso de cookies e ser notificado antes que sejam baixados.<\/p>\n<p>Voc\u00ea tamb\u00e9m pode adaptar a configura\u00e7\u00e3o do navegador para recusar todos os cookies, ou apenas os cookies de terceiros. E voc\u00ea tamb\u00e9m pode remover qualquer um dos cookies que j\u00e1 se encontram no seu computador.<\/p>\n<p>Para isso, voc\u00ea deve ter em mente que voc\u00ea ter\u00e1 que adaptar separadamente a configura\u00e7\u00e3o de cada navegador e computador que voc\u00ea use uma vez que, como j\u00e1 comentado anteriormente, as cookies se associam ao navegador, n\u00e3o \u00e0 pessoa.<\/p>\n<p>Google Chrome<\/p>\n<p><a href=\"https:\/\/support.google.com\/chrome\/answer\/95647?hl=pt-BR\">https:\/\/support.google.com\/chrome\/answer\/95647?hl=pt-BR<\/a><\/p>\n<p>Internet Explorer<\/p>\n<p><a href=\"https:\/\/support.microsoft.com\/pt-br\/help\/17442\/windows-internet-explorer-delete-manage-cookies#ie=ie-10\">https:\/\/support.microsoft.com\/pt-br\/help\/17442\/windows-internet-explorer-delete-manage-cookies#ie=ie-10<\/a><\/p>\n<p>Mozilla Firefox<\/p>\n<p><a href=\"https:\/\/support.mozilla.org\/pt-BR\/kb\/ative-e-desative-os-cookies-que-os-sites-usam\">https:\/\/support.mozilla.org\/pt-BR\/kb\/ative-e-desative-os-cookies-que-os-sites-usam<\/a><\/p>\n<p>Apple Safari<\/p>\n<p><a href=\"https:\/\/support.apple.com\/pt-br\/HT201265\">https:\/\/support.apple.com\/pt-br\/HT201265<\/a><\/p>\n<p>Mais informa\u00e7\u00f5es sobre cookies<\/p>\n<p>Pode consultar o regulamento sobre o uso das cookies e obter mais informa\u00e7\u00f5es: <a href=\"http:\/\/www.aboutcookies.org\/\">http:\/\/www.aboutcookies.org\/.<\/a><\/p>\n<p>E se voc\u00ea deseja ter um maior controle sobre a instala\u00e7\u00e3o de cookies, voc\u00ea pode instalar programas ou plugins no navegador, conhecidos como ferramentas de &#8220;Do Not Track&#8221;, que lhe permitem escolher os cookies que voc\u00ea deseja permitir.<\/p>\n<p>Esperamos que esta pol\u00edtica de cookies tenha servido de ajuda, e se voc\u00ea tiver qualquer d\u00favida basta entrar em contato conosco.<\/p>\n<p>Veja tamb\u00e9m nossa <a href=\"http:\/\/homolog.origgami.com.br\/origgami-site-base-v3\/politica-de-privacidade\/\">Pol\u00edtica de Privacidade<\/a>.<\/p>\n<p>[\/vc_column_text][\/vc_column][\/vc_row]<\/p>\n<p><\/p>\n<\/div>","protected":false},"excerpt":{"rendered":"<p>[vc_row el_class=&#8221;max-width-800&#8243;][vc_column][vc_column_text] POL\u00cdTICA DE COOKIES Se quiser saber mais sobre o uso de cookies neste site, voc\u00ea est\u00e1 no lugar certo. Em seguida, vamos explicar o que s\u00e3o exatamente os cookies; quais os tipos de cookies utilizados; e para que e como voc\u00ea pode exercer o seu direito para configurar seu navegador e rejeitar o [&hellip;]<\/p>\n","protected":false},"author":1,"featured_media":0,"parent":0,"menu_order":6,"comment_status":"closed","ping_status":"closed","template":"page-templates\/com-titulo_sem-sidebar.php","meta":{"_acf_changed":false,"footnotes":""},"class_list":["post-485","page","type-page","status-publish","hentry"],"acf":[],"yoast_head":"<!-- This site is optimized with the Yoast SEO plugin v27.3 - https:\/\/yoast.com\/product\/yoast-seo-wordpress\/ -->\n<title>Pol\u00edtica de Cookies - Heptech<\/title>\n<meta name=\"robots\" content=\"index, follow, max-snippet:-1, max-image-preview:large, max-video-preview:-1\" \/>\n<link rel=\"canonical\" href=\"https:\/\/heptech.com.br\/cookies-policy\/\" \/>\n<meta property=\"og:locale\" content=\"pt_BR\" \/>\n<meta property=\"og:type\" content=\"article\" \/>\n<meta property=\"og:title\" content=\"[:en]Cookies Policy[:pb]Pol\u00edtica de Cookies[:] - Heptech\" \/>\n<meta property=\"og:description\" content=\"[vc_row el_class=&#8221;max-width-800&#8243;][vc_column][vc_column_text] POL\u00cdTICA DE COOKIES Se quiser saber mais sobre o uso de cookies neste site, voc\u00ea est\u00e1 no lugar certo. Em seguida, vamos explicar o que s\u00e3o exatamente os cookies; quais os tipos de cookies utilizados; e para que e como voc\u00ea pode exercer o seu direito para configurar seu navegador e rejeitar o [&hellip;]\" \/>\n<meta property=\"og:url\" content=\"https:\/\/heptech.com.br\/cookies-policy\/\" \/>\n<meta property=\"og:site_name\" content=\"Heptech\" \/>\n<meta property=\"article:modified_time\" content=\"2023-12-19T19:37:49+00:00\" \/>\n<meta name=\"twitter:card\" content=\"summary_large_image\" \/>\n<meta name=\"twitter:label1\" content=\"Est. tempo de leitura\" \/>\n\t<meta name=\"twitter:data1\" content=\"9 minutos\" \/>\n<script type=\"application\/ld+json\" class=\"yoast-schema-graph\">{\"@context\":\"https:\\\/\\\/schema.org\",\"@graph\":[{\"@type\":\"WebPage\",\"@id\":\"https:\\\/\\\/heptech.com.br\\\/cookies-policy\\\/\",\"url\":\"https:\\\/\\\/heptech.com.br\\\/cookies-policy\\\/\",\"name\":\"[:en]Cookies Policy[:pb]Pol\u00edtica de Cookies[:] - Heptech\",\"isPartOf\":{\"@id\":\"https:\\\/\\\/heptech.com.br\\\/#website\"},\"datePublished\":\"2022-01-11T17:20:35+00:00\",\"dateModified\":\"2023-12-19T19:37:49+00:00\",\"breadcrumb\":{\"@id\":\"https:\\\/\\\/heptech.com.br\\\/cookies-policy\\\/#breadcrumb\"},\"inLanguage\":\"pt-BR\",\"potentialAction\":[{\"@type\":\"ReadAction\",\"target\":[\"https:\\\/\\\/heptech.com.br\\\/cookies-policy\\\/\"]}]},{\"@type\":\"BreadcrumbList\",\"@id\":\"https:\\\/\\\/heptech.com.br\\\/cookies-policy\\\/#breadcrumb\",\"itemListElement\":[{\"@type\":\"ListItem\",\"position\":1,\"name\":\"Home\",\"item\":\"https:\\\/\\\/heptech.com.br\\\/\"},{\"@type\":\"ListItem\",\"position\":2,\"name\":\"Cookies Policy\"}]},{\"@type\":\"WebSite\",\"@id\":\"https:\\\/\\\/heptech.com.br\\\/#website\",\"url\":\"https:\\\/\\\/heptech.com.br\\\/\",\"name\":\"Heptech\",\"description\":\"innovating for a healthier future\",\"publisher\":{\"@id\":\"https:\\\/\\\/heptech.com.br\\\/#organization\"},\"potentialAction\":[{\"@type\":\"SearchAction\",\"target\":{\"@type\":\"EntryPoint\",\"urlTemplate\":\"https:\\\/\\\/heptech.com.br\\\/?s={search_term_string}\"},\"query-input\":{\"@type\":\"PropertyValueSpecification\",\"valueRequired\":true,\"valueName\":\"search_term_string\"}}],\"inLanguage\":\"pt-BR\"},{\"@type\":\"Organization\",\"@id\":\"https:\\\/\\\/heptech.com.br\\\/#organization\",\"name\":\"Heptech\",\"url\":\"https:\\\/\\\/heptech.com.br\\\/\",\"logo\":{\"@type\":\"ImageObject\",\"inLanguage\":\"pt-BR\",\"@id\":\"https:\\\/\\\/heptech.com.br\\\/#\\\/schema\\\/logo\\\/image\\\/\",\"url\":\"https:\\\/\\\/heptech.com.br\\\/wp-content\\\/uploads\\\/2020\\\/07\\\/heptech-header-logo-heptech.png\",\"contentUrl\":\"https:\\\/\\\/heptech.com.br\\\/wp-content\\\/uploads\\\/2020\\\/07\\\/heptech-header-logo-heptech.png\",\"width\":233,\"height\":64,\"caption\":\"Heptech\"},\"image\":{\"@id\":\"https:\\\/\\\/heptech.com.br\\\/#\\\/schema\\\/logo\\\/image\\\/\"}}]}<\/script>\n<!-- \/ Yoast SEO plugin. -->","yoast_head_json":{"title":"[:en]Cookies Policy[:pb]Pol\u00edtica de Cookies[:] - Heptech","robots":{"index":"index","follow":"follow","max-snippet":"max-snippet:-1","max-image-preview":"max-image-preview:large","max-video-preview":"max-video-preview:-1"},"canonical":"https:\/\/heptech.com.br\/cookies-policy\/","og_locale":"pt_BR","og_type":"article","og_title":"[:en]Cookies Policy[:pb]Pol\u00edtica de Cookies[:] - Heptech","og_description":"[vc_row el_class=&#8221;max-width-800&#8243;][vc_column][vc_column_text] POL\u00cdTICA DE COOKIES Se quiser saber mais sobre o uso de cookies neste site, voc\u00ea est\u00e1 no lugar certo. Em seguida, vamos explicar o que s\u00e3o exatamente os cookies; quais os tipos de cookies utilizados; e para que e como voc\u00ea pode exercer o seu direito para configurar seu navegador e rejeitar o [&hellip;]","og_url":"https:\/\/heptech.com.br\/cookies-policy\/","og_site_name":"Heptech","article_modified_time":"2023-12-19T19:37:49+00:00","twitter_card":"summary_large_image","twitter_misc":{"Est. tempo de leitura":"9 minutos"},"schema":{"@context":"https:\/\/schema.org","@graph":[{"@type":"WebPage","@id":"https:\/\/heptech.com.br\/cookies-policy\/","url":"https:\/\/heptech.com.br\/cookies-policy\/","name":"[:en]Cookies Policy[:pb]Pol\u00edtica de Cookies[:] - Heptech","isPartOf":{"@id":"https:\/\/heptech.com.br\/#website"},"datePublished":"2022-01-11T17:20:35+00:00","dateModified":"2023-12-19T19:37:49+00:00","breadcrumb":{"@id":"https:\/\/heptech.com.br\/cookies-policy\/#breadcrumb"},"inLanguage":"pt-BR","potentialAction":[{"@type":"ReadAction","target":["https:\/\/heptech.com.br\/cookies-policy\/"]}]},{"@type":"BreadcrumbList","@id":"https:\/\/heptech.com.br\/cookies-policy\/#breadcrumb","itemListElement":[{"@type":"ListItem","position":1,"name":"Home","item":"https:\/\/heptech.com.br\/"},{"@type":"ListItem","position":2,"name":"Cookies Policy"}]},{"@type":"WebSite","@id":"https:\/\/heptech.com.br\/#website","url":"https:\/\/heptech.com.br\/","name":"Heptech","description":"innovating for a healthier future","publisher":{"@id":"https:\/\/heptech.com.br\/#organization"},"potentialAction":[{"@type":"SearchAction","target":{"@type":"EntryPoint","urlTemplate":"https:\/\/heptech.com.br\/?s={search_term_string}"},"query-input":{"@type":"PropertyValueSpecification","valueRequired":true,"valueName":"search_term_string"}}],"inLanguage":"pt-BR"},{"@type":"Organization","@id":"https:\/\/heptech.com.br\/#organization","name":"Heptech","url":"https:\/\/heptech.com.br\/","logo":{"@type":"ImageObject","inLanguage":"pt-BR","@id":"https:\/\/heptech.com.br\/#\/schema\/logo\/image\/","url":"https:\/\/heptech.com.br\/wp-content\/uploads\/2020\/07\/heptech-header-logo-heptech.png","contentUrl":"https:\/\/heptech.com.br\/wp-content\/uploads\/2020\/07\/heptech-header-logo-heptech.png","width":233,"height":64,"caption":"Heptech"},"image":{"@id":"https:\/\/heptech.com.br\/#\/schema\/logo\/image\/"}}]}},"_links":{"self":[{"href":"https:\/\/heptech.com.br\/pb\/wp-json\/wp\/v2\/pages\/485","targetHints":{"allow":["GET"]}}],"collection":[{"href":"https:\/\/heptech.com.br\/pb\/wp-json\/wp\/v2\/pages"}],"about":[{"href":"https:\/\/heptech.com.br\/pb\/wp-json\/wp\/v2\/types\/page"}],"author":[{"embeddable":true,"href":"https:\/\/heptech.com.br\/pb\/wp-json\/wp\/v2\/users\/1"}],"replies":[{"embeddable":true,"href":"https:\/\/heptech.com.br\/pb\/wp-json\/wp\/v2\/comments?post=485"}],"version-history":[{"count":0,"href":"https:\/\/heptech.com.br\/pb\/wp-json\/wp\/v2\/pages\/485\/revisions"}],"wp:attachment":[{"href":"https:\/\/heptech.com.br\/pb\/wp-json\/wp\/v2\/media?parent=485"}],"curies":[{"name":"wp","href":"https:\/\/api.w.org\/{rel}","templated":true}]}}