{"id":3,"date":"2020-07-07T11:13:37","date_gmt":"2020-07-07T14:13:37","guid":{"rendered":"http:\/\/homolog.origgami.com.br\/origgami-site-base-v3\/?page_id=3"},"modified":"2023-12-19T17:17:19","modified_gmt":"2023-12-19T20:17:19","slug":"privacy-policy","status":"publish","type":"page","link":"https:\/\/heptech.com.br\/pb\/privacy-policy\/","title":{"rendered":"Pol\u00edtica de Privacidade"},"content":{"rendered":"<div class=\"wpb-content-wrapper\"><p><\/p>\n<p>[vc_row el_class=&#8221;max-width-800&#8243;][vc_column][vc_column_text]<\/p>\n<p><strong>POL\u00cdTICA DE PRIVACIDADE<\/strong><\/p>\n<p>Se voc\u00ea est\u00e1 aqui \u00e9 porque quer saber mais sobre as obriga\u00e7\u00f5es e direitos que lhe correspondem como um usu\u00e1rio deste site. Nosso dever \u00e9 informar e o seu \u00e9 estar devidamente informado.<\/p>\n<p>Esta Pol\u00edtica de Privacidade \u00e9 para inform\u00e1-lo com total transpar\u00eancia sobre a finalidade deste site e tudo o que afeta os dados que nos forne\u00e7a, bem como as obriga\u00e7\u00f5es e direitos que lhe correspondem.<\/p>\n<p>Para come\u00e7ar, voc\u00ea deve saber que este site se adapta a normativa vigente em mat\u00e9ria de prote\u00e7\u00e3o de dados, o que afeta os dados pessoais que nos forne\u00e7a com o seu consentimento expresso e os cookies que utilizamos para que este site funcione corretamente e possa desenvolver sua atividade.<\/p>\n<p>Especificamente, este site se ajusta ao cumprimento das seguintes normas:<\/p>\n<ul>\n<li><a href=\"https:\/\/www12.senado.leg.br\/noticias\/materias\/2018\/07\/10\/projeto-de-lei-geral-de-protecao-de-dados-pessoais-e-aprovado-no-senado\">Lei geral de prote\u00e7\u00e3o de dados pessoais<\/a> (projeto de lei aprovado recentemente, baseado na lei Europeia)<\/li>\n<\/ul>\n<ul>\n<li><a href=\"http:\/\/www.planalto.gov.br\/ccivil_03\/_ato2011-2014\/2014\/lei\/l12965.htm\">Lei Brasileira n.\u00ba 12.965, de 2014<\/a><\/li>\n<\/ul>\n<ul>\n<li><a href=\"https:\/\/publications.europa.eu\/pt\/publication-detail\/-\/publication\/3e485e15-11bd-11e6-ba9a-01aa75ed71a1\">RGPD (Regulamento (UE) 2016\/679 do Parlamento Europeu e do Conselho, de 27 de abril de 2016, relativo \u00e0 prote\u00e7\u00e3o das pessoas f\u00edsicas)<\/a> que \u00e9 a nova legisla\u00e7\u00e3o da Uni\u00e3o Europeia que unifica a regulamenta\u00e7\u00e3o do tratamento dos dados pessoais nos diferentes pa\u00edses da UE.<\/li>\n<\/ul>\n<p><strong>DADOS DE IDENTIFICA\u00c7\u00c3O<\/strong><\/p>\n<p><strong>Raz\u00e3o Social:<\/strong> \n\t\tORIGGAMI SOLUCOES MULTIMIDIA LTDA\n\t<\/p>\n<p><strong>CNPJ:<\/strong> \n\t\t16.888.532\/0001-47\n\t<\/p>\n<p><strong>Endere\u00e7o:<\/strong> \n\t\tRua Acre, 83, Salas 1003\/1004\/1005, Centro, Rio de Janeiro\/RJ\n\t<\/p>\n<p><strong>E-mail:<\/strong> \n\t\theptech@heptech.com.br\n\t<\/p>\n<p>Os dados pessoais que nos fornecer, sempre com o seu consentimento expresso, ser\u00e3o guardados e tratados para os fins previstos a seguir descritos nesta Pol\u00edtica de Privacidade, at\u00e9 o momento em que nos solicite a remo\u00e7\u00e3o.<\/p>\n<p>Informamos que esta Pol\u00edtica de Privacidade pode ser alterada a qualquer momento, com a finalidade de adapt\u00e1-la a novidades legislativas ou mudan\u00e7as em nossas atividades, sendo vigente a cada momento a que est\u00e1 publicada no site.<\/p>\n<p><strong>CONDI\u00c7\u00d5ES DE USO<\/strong><\/p>\n<p>Voc\u00ea deve saber, para sua tranquilidade, que sempre ser\u00e1 solicitado o seu consentimento expresso para obter seus dados com a respectiva finalidade especificada em cada caso, o que implica que, em caso de dar esse consentimento, voc\u00ea leu e concorda com esta Pol\u00edtica de Privacidade.<\/p>\n<p>No momento em que acesse e utilize esta p\u00e1gina web, est\u00e1 assumindo a sua condi\u00e7\u00e3o de usu\u00e1rio com seus correspondentes direitos e obriga\u00e7\u00f5es.<\/p>\n<ul>\n<li>Se voc\u00ea \u00e9 maior de 13 anos, poder\u00e1 registar-se como utilizador deste site sem o pr\u00e9vio consentimento de seus pais ou tutores.<\/li>\n<\/ul>\n<ul>\n<li>Se voc\u00ea \u00e9 menor de 13 anos, necessitar\u00e1 o consentimento de seus pais ou tutores para o tratamento dos seus dados pessoais.<\/li>\n<\/ul>\n<ul>\n<li>Nunca solicitamos informa\u00e7\u00f5es pessoais, a menos que realmente seja necess\u00e1rio para prestar os servi\u00e7os que oferecemos neste site.<\/li>\n<\/ul>\n<ul>\n<li>Nunca compartilhamos informa\u00e7\u00f5es pessoais dos meus usu\u00e1rios com ningu\u00e9m, exceto para cumprir com a lei ou em caso que tenha a sua autoriza\u00e7\u00e3o expressa.<\/li>\n<\/ul>\n<ul>\n<li>Nunca utilizamos os seus dados pessoais com uma finalidade diferente da expressa nesta pol\u00edtica de privacidade.<\/li>\n<\/ul>\n<p><strong>REGISTRO E FINALIDADE DOS SEUS DADOS<\/strong><\/p>\n<p>Em fun\u00e7\u00e3o do formul\u00e1rio ou se\u00e7\u00e3o que acesse, ser\u00e1 solicitado exclusivamente os dados necess\u00e1rios com as finalidades descritas a seguir. Em todo momento, voc\u00ea deve dar o seu consentimento expresso, quando lhe solicitamos informa\u00e7\u00f5es pessoais para as seguintes finalidades:<\/p>\n<ul>\n<li>As finalidades concretas que particularmente s\u00e3o indicadas em cada uma das p\u00e1ginas ou se\u00e7\u00f5es onde aparece o formul\u00e1rio de registro ou contato eletr\u00f4nico.<\/li>\n<\/ul>\n<ul>\n<li>Com car\u00e1cter geral, para atender os seus pedidos, coment\u00e1rios, perguntas ou qualquer tipo de pedido que realize como pessoa atrav\u00e9s de qualquer uma das formas de contato que colocamos \u00e0 sua disposi\u00e7\u00e3o.<\/li>\n<\/ul>\n<ul>\n<li>Para obter informa\u00e7\u00f5es sobre consultas, pedidos, atividades, produtos, novidades e\/ou servi\u00e7os; via e-mail, fax, WhatsApp, Skype, telefone fornecido, sms e mms.<\/li>\n<\/ul>\n<ul>\n<li>Para enviar comunica\u00e7\u00f5es comerciais ou publicit\u00e1rias atrav\u00e9s de qualquer outro meio eletr\u00f4nico ou f\u00edsico, que possibilite a realiza\u00e7\u00e3o de comunica\u00e7\u00f5es.<\/li>\n<\/ul>\n<p>Essas comunica\u00e7\u00f5es, estar\u00e3o sempre relacionadas com os nossos produtos, servi\u00e7os, novidades e promo\u00e7\u00f5es, bem como aqueles produtos ou servi\u00e7os que possamos considerar do seu interesse e que possam oferecer colaboradores, empresas ou &#8220;parceiros&#8221; com os quais mantemos acordos de promo\u00e7\u00e3o ou de colabora\u00e7\u00e3o comercial.<\/p>\n<p>Sendo assim, garantimos que estes terceiros nunca ter\u00e3o acesso aos seus dados pessoais, com as exce\u00e7\u00f5es indicadas abaixo, sendo em todo o caso essas comunica\u00e7\u00f5es realizadas por parte deste site.<\/p>\n<p><u>Este site mostra produtos de afiliados de terceiros.<\/u><\/p>\n<p>Isto quer dizer que, ao clicar em &#8220;Compre Agora&#8221; ou em determinados links similares, voc\u00ea ser\u00e1 redirecionado para a p\u00e1gina onde se ofertam produtos.<\/p>\n<p>Neste caso, voc\u00ea deve saber que somente proporcionamos e facilitamos os links para as p\u00e1ginas e\/ou plataformas de terceiros, onde podem ser adquiridos os produtos que mostramos, no intuito de facilitar a pesquisa e f\u00e1cil aquisi\u00e7\u00e3o dos mesmos.<\/p>\n<p>Estas p\u00e1ginas interligadas pertencem a terceiros, n\u00e3o foram revisadas nem est\u00e3o sobre controle, nem recomenda\u00e7\u00e3o de nossa parte, por isso que, em nenhum caso, este site ser\u00e1 considerado respons\u00e1vel pelo conte\u00fado desses sites, nem das responsabilidades derivadas da sua utiliza\u00e7\u00e3o em todos os aspectos, nem mesmo por medidas tomadas relacionadas \u00e0 privacidade do usu\u00e1rio, tratamento de seus dados de car\u00e1ter pessoal ou outras que possam ser estabelecidas.<\/p>\n<p>Por tudo isso, recomendamos a leitura cuidadosa e antecipada de todas as condi\u00e7\u00f5es de uso, condi\u00e7\u00f5es de compra, pol\u00edticas de privacidade, termos de uso e\/ou similares desses sites antes de proceder \u00e0 aquisi\u00e7\u00e3o de produtos ou utiliza\u00e7\u00e3o.<\/p>\n<p><strong>EXATID\u00c3O E VERACIDADE DOS DADOS<\/strong><\/p>\n<p>Como usu\u00e1rio, voc\u00ea \u00e9 o \u00fanico respons\u00e1vel pela veracidade e altera\u00e7\u00e3o dos dados que enviar, exonerando-nos de qualquer responsabilidade a respeito.<\/p>\n<p>Quer dizer, a voc\u00ea cabe garantir e responder em qualquer caso, a exatid\u00e3o, vig\u00eancia e autenticidade dos dados pessoais fornecidos, e se comprometer a manter esses dados devidamente atualizados.<\/p>\n<p>De acordo com o expressado nesta Pol\u00edtica de Privacidade, voc\u00ea concorda em fornecer informa\u00e7\u00e3o completa e correta no formul\u00e1rio de contato.<\/p>\n<p><strong>CANCELAMENTO DE INSCRI\u00c7\u00c3O E O DIREITO DE REVOGA\u00c7\u00c3O<\/strong><\/p>\n<p>Como titular dos dados que nos tenha fornecido, pode exercer em qualquer momento os seus direitos de acesso, retifica\u00e7\u00e3o, cancelamento e oposi\u00e7\u00e3o.<\/p>\n<p>Igualmente, voc\u00ea poder\u00e1 cancelar a qualquer momento para deixar de receber a nossa newsletter ou qualquer outra comunica\u00e7\u00e3o comercial, diretamente a partir do mesmo endere\u00e7o de e-mail que voc\u00ea recebeu ou enviando-nos um e-mail.<\/p>\n<p><strong>ACESSO DE DADOS POR PARTE DE TERCEIROS<\/strong><\/p>\n<p>Para poder prestar servi\u00e7os estritamente necess\u00e1rios para o funcionamento e desenvolvimento das atividades deste site, informamos que compartilhamos dados com o seguinte prestador de servi\u00e7o: Origgami Solu\u00e7\u00f5es Multim\u00eddia LTDA, CNPJ 16.888.532\/0001-47.<\/p>\n<p>Voc\u00ea pode ter a tranquilidade total de que este terceiro n\u00e3o poder\u00e1 utilizar essas informa\u00e7\u00f5es para qualquer outro fim que n\u00e3o esteja especificamente regulado em nossas rela\u00e7\u00f5es com ele, nos termos da legisla\u00e7\u00e3o aplic\u00e1vel em mat\u00e9ria de prote\u00e7\u00e3o de dados de car\u00e1ter pessoal.<\/p>\n<p>Este site est\u00e1 hospedado com a Origgami Solu\u00e7\u00f5es Multim\u00eddia, CNPJ 16.888.532\/0001-47, que oferece servi\u00e7os de hospedagem para que voc\u00ea possa acessar e navegar pelo nosso site. Pode consultar a pol\u00edtica de privacidade e outros aspectos legais dessa empresa no seguinte link: <a href=\"https:\/\/origgami.com.br\/politica-de-privacidade\/\">https:\/\/origgami.com.br\/politica-de-privacidade\/<\/a>.<\/p>\n<p>Nosso site pode utilizar servidores publicit\u00e1rios com o fim de facilitar os conte\u00fados comerciais que veremos em nossas p\u00e1ginas. Tais servi\u00e7os publicit\u00e1rios utilizam cookies, que permitem adaptar os conte\u00fados publicit\u00e1rios para os perfis demogr\u00e1ficos dos utilizadores:<\/p>\n<p><u>Redes Sociais<\/u><\/p>\n<p>As cookies de redes sociais podem ser armazenadas no seu navegador enquanto voc\u00ea navega pelo site.<\/p>\n<p>As implica\u00e7\u00f5es de privacidade ser\u00e3o em fun\u00e7\u00e3o de cada rede social e dependem da configura\u00e7\u00e3o de privacidade que tenha nessa rede. Em nenhum caso, este site, nem os anunciantes, podem obter informa\u00e7\u00f5es de identifica\u00e7\u00e3o pessoal de cookies.<\/p>\n<p>Para saber mais sobre os cookies de redes sociais visite nossa Pol\u00edtica De Cookies.<\/p>\n<p><u>Google Analytics:<\/u><\/p>\n<p>O Google Analytics \u00e9 um servi\u00e7o de an\u00e1lise web fornecido pela Google, Inc., uma companhia de Delaware cujo escrit\u00f3rio principal localiza-se em: 1600 Amphitheatre Parkway, Mountain View (California), CA 94043, Estados Unidos (&#8220;Google&#8221;).<\/p>\n<p>Google Analytics utiliza cookies, que s\u00e3o arquivos de texto localizados no seu computador, para ajudar o website a analisar o uso que os usu\u00e1rios fazem do site.<\/p>\n<p>A informa\u00e7\u00e3o gerada pelo cookie sobre a sua utiliza\u00e7\u00e3o do site (incluindo o seu endere\u00e7o IP) ser\u00e1 diretamente transmitida e arquivada por Google. Google usar\u00e1 esta informa\u00e7\u00e3o com o prop\u00f3sito de seguir a pista do seu uso do site, compilando relat\u00f3rios sobre a atividade do mesmo e fornecendo outros servi\u00e7os relativos a atividade do site e utiliza\u00e7\u00e3o da internet.<\/p>\n<p>Google pode igualmente transferir esta informa\u00e7\u00e3o para terceiros, sempre que exigido por lei ou quando estes terceiros processem a informa\u00e7\u00e3o atrav\u00e9s do Google. O Google n\u00e3o associar\u00e1 o seu endere\u00e7o IP com qualquer outro dado mantido.<\/p>\n<p><u>E-Mails Comerciais<\/u><\/p>\n<p>Queremos lhe confirmar que n\u00e3o realizamos pr\u00e1ticas de SPAM, quer dizer que n\u00e3o enviamos e-mails comerciais que n\u00e3o foram devidamente identificados, solicitados e permitidos pelo usu\u00e1rio.<\/p>\n<p>Em cada um dos formul\u00e1rios que existem no site, o usu\u00e1rio tem a possibilidade de dar ou n\u00e3o seu consentimento expresso para receber nossa newsletter.<\/p>\n<p><strong>MEDIDAS DE SEGURAN\u00c7A<\/strong><\/p>\n<p>Adotamos todas as medidas t\u00e9cnicas e organizacionais necess\u00e1rias para garantir a seguran\u00e7a e integridade dos dados de car\u00e1cter pessoal que trate, bem como para evitar a sua altera\u00e7\u00e3o, perda, e\/ou acesso por parte de terceiros n\u00e3o autorizados.<\/p>\n<p>Este site inclui um certificado SSL, trata-se de um protocolo de seguran\u00e7a que faz com que seus dados viajem de forma \u00edntegra e segura, ou seja, a transmiss\u00e3o de dados entre um servidor e um usu\u00e1rio da web \u00e9 totalmente criptografada ou encriptada.<\/p>\n<p>De todas as formas, deve estar ciente de que as medidas de seguran\u00e7a dos sistemas inform\u00e1ticos na internet n\u00e3o s\u00e3o inteiramente confi\u00e1veis, por isso n\u00e3o podemos garantir completamente a inexist\u00eancia de v\u00edrus ou outros elementos que possam produzir altera\u00e7\u00f5es nos sistemas inform\u00e1ticos (software e hardware) do utilizador ou em seus documentos eletr\u00f4nicos e arquivos que cont\u00e9m.<\/p>\n<p>Em caso de algum problema de fuga de dados, nos comprometemos a avisar imediatamente as autoridades e a voc\u00ea.<\/p>\n<p>Para mais informa\u00e7\u00f5es pode consultar a nossa <a href=\"http:\/\/homolog.origgami.com.br\/origgami-site-base-v3\/politica-de-cookies\/\">Pol\u00edtica de Cookies<\/a>.<\/p>\n<p>[\/vc_column_text][\/vc_column][\/vc_row]<\/p>\n<p><\/p>\n<\/div>","protected":false},"excerpt":{"rendered":"<p>[vc_row el_class=&#8221;max-width-800&#8243;][vc_column][vc_column_text] POL\u00cdTICA DE PRIVACIDADE Se voc\u00ea est\u00e1 aqui \u00e9 porque quer saber mais sobre as obriga\u00e7\u00f5es e direitos que lhe correspondem como um usu\u00e1rio deste site. Nosso dever \u00e9 informar e o seu \u00e9 estar devidamente informado. Esta Pol\u00edtica de Privacidade \u00e9 para inform\u00e1-lo com total transpar\u00eancia sobre a finalidade deste site e tudo [&hellip;]<\/p>\n","protected":false},"author":1,"featured_media":0,"parent":0,"menu_order":7,"comment_status":"closed","ping_status":"closed","template":"page-templates\/com-titulo_sem-sidebar.php","meta":{"_acf_changed":false,"footnotes":""},"class_list":["post-3","page","type-page","status-publish","hentry"],"acf":[],"yoast_head":"<!-- This site is optimized with the Yoast SEO plugin v27.4 - https:\/\/yoast.com\/product\/yoast-seo-wordpress\/ -->\n<title>Pol\u00edtica de Privacidade - Heptech<\/title>\n<meta name=\"robots\" content=\"index, follow, max-snippet:-1, max-image-preview:large, max-video-preview:-1\" \/>\n<link rel=\"canonical\" href=\"https:\/\/heptech.com.br\/privacy-policy\/\" \/>\n<meta property=\"og:locale\" content=\"pt_BR\" \/>\n<meta property=\"og:type\" content=\"article\" \/>\n<meta property=\"og:title\" content=\"[:en]Privacy Policy[:pb]Pol\u00edtica de Privacidade[:] - Heptech\" \/>\n<meta property=\"og:description\" content=\"[vc_row el_class=&#8221;max-width-800&#8243;][vc_column][vc_column_text] POL\u00cdTICA DE PRIVACIDADE Se voc\u00ea est\u00e1 aqui \u00e9 porque quer saber mais sobre as obriga\u00e7\u00f5es e direitos que lhe correspondem como um usu\u00e1rio deste site. Nosso dever \u00e9 informar e o seu \u00e9 estar devidamente informado. Esta Pol\u00edtica de Privacidade \u00e9 para inform\u00e1-lo com total transpar\u00eancia sobre a finalidade deste site e tudo [&hellip;]\" \/>\n<meta property=\"og:url\" content=\"https:\/\/heptech.com.br\/privacy-policy\/\" \/>\n<meta property=\"og:site_name\" content=\"Heptech\" \/>\n<meta property=\"article:modified_time\" content=\"2023-12-19T20:17:19+00:00\" \/>\n<meta name=\"twitter:card\" content=\"summary_large_image\" \/>\n<meta name=\"twitter:label1\" content=\"Est. tempo de leitura\" \/>\n\t<meta name=\"twitter:data1\" content=\"7 minutos\" \/>\n<script type=\"application\/ld+json\" class=\"yoast-schema-graph\">{\"@context\":\"https:\\\/\\\/schema.org\",\"@graph\":[{\"@type\":\"WebPage\",\"@id\":\"https:\\\/\\\/heptech.com.br\\\/privacy-policy\\\/\",\"url\":\"https:\\\/\\\/heptech.com.br\\\/privacy-policy\\\/\",\"name\":\"[:en]Privacy Policy[:pb]Pol\u00edtica de Privacidade[:] - Heptech\",\"isPartOf\":{\"@id\":\"https:\\\/\\\/heptech.com.br\\\/#website\"},\"datePublished\":\"2020-07-07T14:13:37+00:00\",\"dateModified\":\"2023-12-19T20:17:19+00:00\",\"breadcrumb\":{\"@id\":\"https:\\\/\\\/heptech.com.br\\\/privacy-policy\\\/#breadcrumb\"},\"inLanguage\":\"pt-BR\",\"potentialAction\":[{\"@type\":\"ReadAction\",\"target\":[\"https:\\\/\\\/heptech.com.br\\\/privacy-policy\\\/\"]}]},{\"@type\":\"BreadcrumbList\",\"@id\":\"https:\\\/\\\/heptech.com.br\\\/privacy-policy\\\/#breadcrumb\",\"itemListElement\":[{\"@type\":\"ListItem\",\"position\":1,\"name\":\"Home\",\"item\":\"https:\\\/\\\/heptech.com.br\\\/\"},{\"@type\":\"ListItem\",\"position\":2,\"name\":\"Privacy Policy\"}]},{\"@type\":\"WebSite\",\"@id\":\"https:\\\/\\\/heptech.com.br\\\/#website\",\"url\":\"https:\\\/\\\/heptech.com.br\\\/\",\"name\":\"Heptech\",\"description\":\"innovating for a healthier future\",\"publisher\":{\"@id\":\"https:\\\/\\\/heptech.com.br\\\/#organization\"},\"potentialAction\":[{\"@type\":\"SearchAction\",\"target\":{\"@type\":\"EntryPoint\",\"urlTemplate\":\"https:\\\/\\\/heptech.com.br\\\/?s={search_term_string}\"},\"query-input\":{\"@type\":\"PropertyValueSpecification\",\"valueRequired\":true,\"valueName\":\"search_term_string\"}}],\"inLanguage\":\"pt-BR\"},{\"@type\":\"Organization\",\"@id\":\"https:\\\/\\\/heptech.com.br\\\/#organization\",\"name\":\"Heptech\",\"url\":\"https:\\\/\\\/heptech.com.br\\\/\",\"logo\":{\"@type\":\"ImageObject\",\"inLanguage\":\"pt-BR\",\"@id\":\"https:\\\/\\\/heptech.com.br\\\/#\\\/schema\\\/logo\\\/image\\\/\",\"url\":\"https:\\\/\\\/heptech.com.br\\\/wp-content\\\/uploads\\\/2020\\\/07\\\/heptech-header-logo-heptech.png\",\"contentUrl\":\"https:\\\/\\\/heptech.com.br\\\/wp-content\\\/uploads\\\/2020\\\/07\\\/heptech-header-logo-heptech.png\",\"width\":233,\"height\":64,\"caption\":\"Heptech\"},\"image\":{\"@id\":\"https:\\\/\\\/heptech.com.br\\\/#\\\/schema\\\/logo\\\/image\\\/\"}}]}<\/script>\n<!-- \/ Yoast SEO plugin. -->","yoast_head_json":{"title":"[:en]Privacy Policy[:pb]Pol\u00edtica de Privacidade[:] - Heptech","robots":{"index":"index","follow":"follow","max-snippet":"max-snippet:-1","max-image-preview":"max-image-preview:large","max-video-preview":"max-video-preview:-1"},"canonical":"https:\/\/heptech.com.br\/privacy-policy\/","og_locale":"pt_BR","og_type":"article","og_title":"[:en]Privacy Policy[:pb]Pol\u00edtica de Privacidade[:] - Heptech","og_description":"[vc_row el_class=&#8221;max-width-800&#8243;][vc_column][vc_column_text] POL\u00cdTICA DE PRIVACIDADE Se voc\u00ea est\u00e1 aqui \u00e9 porque quer saber mais sobre as obriga\u00e7\u00f5es e direitos que lhe correspondem como um usu\u00e1rio deste site. Nosso dever \u00e9 informar e o seu \u00e9 estar devidamente informado. Esta Pol\u00edtica de Privacidade \u00e9 para inform\u00e1-lo com total transpar\u00eancia sobre a finalidade deste site e tudo [&hellip;]","og_url":"https:\/\/heptech.com.br\/privacy-policy\/","og_site_name":"Heptech","article_modified_time":"2023-12-19T20:17:19+00:00","twitter_card":"summary_large_image","twitter_misc":{"Est. tempo de leitura":"7 minutos"},"schema":{"@context":"https:\/\/schema.org","@graph":[{"@type":"WebPage","@id":"https:\/\/heptech.com.br\/privacy-policy\/","url":"https:\/\/heptech.com.br\/privacy-policy\/","name":"[:en]Privacy Policy[:pb]Pol\u00edtica de Privacidade[:] - Heptech","isPartOf":{"@id":"https:\/\/heptech.com.br\/#website"},"datePublished":"2020-07-07T14:13:37+00:00","dateModified":"2023-12-19T20:17:19+00:00","breadcrumb":{"@id":"https:\/\/heptech.com.br\/privacy-policy\/#breadcrumb"},"inLanguage":"pt-BR","potentialAction":[{"@type":"ReadAction","target":["https:\/\/heptech.com.br\/privacy-policy\/"]}]},{"@type":"BreadcrumbList","@id":"https:\/\/heptech.com.br\/privacy-policy\/#breadcrumb","itemListElement":[{"@type":"ListItem","position":1,"name":"Home","item":"https:\/\/heptech.com.br\/"},{"@type":"ListItem","position":2,"name":"Privacy Policy"}]},{"@type":"WebSite","@id":"https:\/\/heptech.com.br\/#website","url":"https:\/\/heptech.com.br\/","name":"Heptech","description":"innovating for a healthier future","publisher":{"@id":"https:\/\/heptech.com.br\/#organization"},"potentialAction":[{"@type":"SearchAction","target":{"@type":"EntryPoint","urlTemplate":"https:\/\/heptech.com.br\/?s={search_term_string}"},"query-input":{"@type":"PropertyValueSpecification","valueRequired":true,"valueName":"search_term_string"}}],"inLanguage":"pt-BR"},{"@type":"Organization","@id":"https:\/\/heptech.com.br\/#organization","name":"Heptech","url":"https:\/\/heptech.com.br\/","logo":{"@type":"ImageObject","inLanguage":"pt-BR","@id":"https:\/\/heptech.com.br\/#\/schema\/logo\/image\/","url":"https:\/\/heptech.com.br\/wp-content\/uploads\/2020\/07\/heptech-header-logo-heptech.png","contentUrl":"https:\/\/heptech.com.br\/wp-content\/uploads\/2020\/07\/heptech-header-logo-heptech.png","width":233,"height":64,"caption":"Heptech"},"image":{"@id":"https:\/\/heptech.com.br\/#\/schema\/logo\/image\/"}}]}},"_links":{"self":[{"href":"https:\/\/heptech.com.br\/pb\/wp-json\/wp\/v2\/pages\/3","targetHints":{"allow":["GET"]}}],"collection":[{"href":"https:\/\/heptech.com.br\/pb\/wp-json\/wp\/v2\/pages"}],"about":[{"href":"https:\/\/heptech.com.br\/pb\/wp-json\/wp\/v2\/types\/page"}],"author":[{"embeddable":true,"href":"https:\/\/heptech.com.br\/pb\/wp-json\/wp\/v2\/users\/1"}],"replies":[{"embeddable":true,"href":"https:\/\/heptech.com.br\/pb\/wp-json\/wp\/v2\/comments?post=3"}],"version-history":[{"count":0,"href":"https:\/\/heptech.com.br\/pb\/wp-json\/wp\/v2\/pages\/3\/revisions"}],"wp:attachment":[{"href":"https:\/\/heptech.com.br\/pb\/wp-json\/wp\/v2\/media?parent=3"}],"curies":[{"name":"wp","href":"https:\/\/api.w.org\/{rel}","templated":true}]}}