{"id":1026,"date":"2023-09-13T17:34:31","date_gmt":"2023-09-13T20:34:31","guid":{"rendered":"https:\/\/heptech.com.br\/?page_id=1026"},"modified":"2024-12-06T10:59:54","modified_gmt":"2024-12-06T13:59:54","slug":"our-history","status":"publish","type":"page","link":"https:\/\/heptech.com.br\/pb\/our-history\/","title":{"rendered":"Nossa Hist\u00f3ria"},"content":{"rendered":"<div class=\"wpb-content-wrapper\"><p><\/p>\n<p>[vc_section full_width=&#8221;stretch_row&#8221; el_id=&#8221;intro-history&#8221;][vc_row][vc_column][vc_column_text]<\/p>\n<p>A Heptech, l\u00edder em pesquisa de polissacar\u00eddeos sulfatados, respondeu \u00e0 crise do sistema de sa\u00fade brasileira de 2008 identificando problemas com a heparina bovina tradicional e desenvolvendo alternativas mais seguras. A empresa avan\u00e7ou essas inova\u00e7\u00f5es por meio de processos de escalonamento e prote\u00e7\u00e3o da propriedade intelectual, enquanto oferecia servi\u00e7os especializados de suporte \u00e0 ind\u00fastria farmac\u00eautica.<\/p>\n<p>[\/vc_column_text][\/vc_column][\/vc_row][\/vc_section][vc_section full_width=&#8221;stretch_row&#8221; el_id=&#8221;our-history&#8221;][vc_row][vc_column][vc_column_text]<\/p>\n<p>A Heptech avan\u00e7a da pesquisa b\u00e1sica \u00e0 busca de parcerias para o desenvolvimento de seus produtos:<\/p>\n<p>[\/vc_column_text][\/vc_column][\/vc_row][vc_row el_class=&#8221;linha-do-tempo&#8221;][vc_column][vc_row_inner][vc_column_inner el_class=&#8221;col-esq&#8221; width=&#8221;1\/2&#8243;][vc_single_image image=&#8221;1294&#8243; img_size=&#8221;full&#8221; alignment=&#8221;center&#8221;][vc_column_text]<\/p>\n<h3>Identifica\u00e7\u00e3o do Problema<\/h3>\n<p>Como especialistas em polissacar\u00eddeos sulfatados, oferecemos fundamenta\u00e7\u00e3o t\u00e9cnica durante a crise de sa\u00fade brasileira de 2008, o que levou a retirada da heparina de origem bovina do mercado. Este evento destacou problemas com o uso de heparina bovina tradicional que est\u00e3o associados ao seu uso limitado globalmente.<\/p>\n<p>[\/vc_column_text][\/vc_column_inner][vc_column_inner el_class=&#8221;col-dir&#8221; width=&#8221;1\/2&#8243;][vc_single_image image=&#8221;1293&#8243; img_size=&#8221;full&#8221; alignment=&#8221;center&#8221;][vc_column_text]<\/p>\n<h3>An\u00e1lise Diagn\u00f3stica<\/h3>\n<p>Uma an\u00e1lise aprofundada comparando heparina padr\u00e3o com a variante implicada em incidentes de sangramento identificou a \u00faltima como de origem bovina. Esta variante tinha uma estrutura \u00fanica levando a uma efic\u00e1cia anticoagulante menor, necessitando de doses aumentadas e diferentes intera\u00e7\u00f5es com o ant\u00eddoto protamina, o que provavelmente estava associado aos eventos de sangramento.<\/p>\n<p>[\/vc_column_text][\/vc_column_inner][\/vc_row_inner][vc_row_inner][vc_column_inner el_class=&#8221;col-esq&#8221; width=&#8221;1\/2&#8243;][vc_single_image image=&#8221;1296&#8243; img_size=&#8221;full&#8221; alignment=&#8221;center&#8221;][vc_column_text]<\/p>\n<h3>Pesquisa e Desenvolvimento (P&amp;D)<\/h3>\n<p>Reconhecendo os problemas com o uso de heparina bovina, nosso P&amp;D focou em superar esses desafios. Anos de pesquisa resultaram em uma heparina bovina segura (SBH) compar\u00e1vel \u00e0 heparina su\u00edna (conforme reconhecido por especialista da FDA DOI 10.1055\/s-0039-1685164), uma heparina de baixo peso molecular bovina compat\u00edvel com farmacopeia (B-LMWH) e uma heparina de baixa atividade anticoagulante inovadora que reduz o crescimento tumoral e met\u00e1stase (LABH).<\/p>\n<p>[\/vc_column_text][\/vc_column_inner][vc_column_inner el_class=&#8221;col-dir&#8221; width=&#8221;1\/2&#8243;][vc_single_image image=&#8221;1292&#8243; img_size=&#8221;full&#8221; alignment=&#8221;center&#8221;][vc_column_text]<\/p>\n<h3>Processos de Escalonamento<\/h3>\n<p>Ap\u00f3s o desenvolvimento do nosso produto de P&amp;D, escalamos nossa linha de produtos inovadores com a ajuda de projetos de subven\u00e7\u00f5es da FAPERJ, SENAI e SEBRAE, e nossos pr\u00f3prios recursos. Esta estrat\u00e9gia gerou dados para fundamentar nossa colabora\u00e7\u00e3o com potenciais parceiros de produ\u00e7\u00e3o..<\/p>\n<p>[\/vc_column_text][\/vc_column_inner][\/vc_row_inner][vc_row_inner][vc_column_inner el_class=&#8221;col-esq&#8221; width=&#8221;1\/2&#8243;][vc_single_image image=&#8221;1297&#8243; img_size=&#8221;full&#8221; alignment=&#8221;center&#8221;][vc_column_text]<\/p>\n<h3>Prote\u00e7\u00e3o da Propriedade Intelectual (IP)<\/h3>\n<p>Para proteger suas inven\u00e7\u00f5es de concorrentes, a Heptech registrou diferentes patentes no Brasil e no exterior. Estas patentes incluem diferentes m\u00e9todos de produ\u00e7\u00e3o de Heparina Bovina Segura (SBH), fabrica\u00e7\u00e3o economicamente vi\u00e1vel da primeira Heparina de Baixo Peso Molecular Bovina (B-LMWH) e o uso da nova heparina de baixa atividade anticoagulante para reduzir o crescimento tumoral e met\u00e1stase.<\/p>\n<p>[\/vc_column_text][\/vc_column_inner][vc_column_inner el_class=&#8221;col-dir&#8221; width=&#8221;1\/2&#8243;][vc_single_image image=&#8221;1295&#8243; img_size=&#8221;full&#8221; alignment=&#8221;center&#8221;][vc_column_text]<\/p>\n<h3>Servi\u00e7os e Suporte da Ind\u00fastria<\/h3>\n<p>A vasta experi\u00eancia da Heptech nos permitiu oferecer servi\u00e7os t\u00e9cnicos especializados \u00e0 ind\u00fastria farmac\u00eautica. Realizamos uma gama de an\u00e1lises de controle de qualidade para heparina crua e IFA, bem como para amostras de heparina de baixo peso molecular (LMWH). Nossos servi\u00e7os incluem an\u00e1lises de controle de qualidade, valida\u00e7\u00e3o de m\u00e9todos anal\u00edticos e estudos de comparabilidade, auxiliando as empresas a atender seus requisitos de conformidade regulat\u00f3ria.<\/p>\n<p>[\/vc_column_text][\/vc_column_inner][\/vc_row_inner][\/vc_column][\/vc_row][\/vc_section]<\/p>\n<p><\/p>\n<\/div>","protected":false},"excerpt":{"rendered":"<p>[vc_section full_width=&#8221;stretch_row&#8221; el_id=&#8221;intro-history&#8221;][vc_row][vc_column][vc_column_text] A Heptech, l\u00edder em pesquisa de polissacar\u00eddeos sulfatados, respondeu \u00e0 crise do sistema de sa\u00fade brasileira de 2008 identificando problemas com a heparina bovina tradicional e desenvolvendo alternativas mais seguras. A empresa avan\u00e7ou essas inova\u00e7\u00f5es por meio de processos de escalonamento e prote\u00e7\u00e3o da propriedade intelectual, enquanto oferecia servi\u00e7os especializados de suporte [&hellip;]<\/p>\n","protected":false},"author":1,"featured_media":0,"parent":0,"menu_order":2,"comment_status":"closed","ping_status":"closed","template":"page-templates\/com-titulo_sem-sidebar.php","meta":{"_acf_changed":false,"footnotes":""},"class_list":["post-1026","page","type-page","status-publish","hentry"],"acf":[],"yoast_head":"<!-- This site is optimized with the Yoast SEO plugin v27.4 - https:\/\/yoast.com\/product\/yoast-seo-wordpress\/ -->\n<title>Nossa Hist\u00f3ria - Heptech<\/title>\n<meta name=\"robots\" content=\"index, follow, max-snippet:-1, max-image-preview:large, max-video-preview:-1\" \/>\n<link rel=\"canonical\" href=\"https:\/\/heptech.com.br\/our-history\/\" \/>\n<meta property=\"og:locale\" content=\"pt_BR\" \/>\n<meta property=\"og:type\" content=\"article\" \/>\n<meta property=\"og:title\" content=\"[:en]Our History[:pb]Nossa Hist\u00f3ria[:] - Heptech\" \/>\n<meta property=\"og:description\" content=\"[vc_section full_width=&#8221;stretch_row&#8221; el_id=&#8221;intro-history&#8221;][vc_row][vc_column][vc_column_text] A Heptech, l\u00edder em pesquisa de polissacar\u00eddeos sulfatados, respondeu \u00e0 crise do sistema de sa\u00fade brasileira de 2008 identificando problemas com a heparina bovina tradicional e desenvolvendo alternativas mais seguras. A empresa avan\u00e7ou essas inova\u00e7\u00f5es por meio de processos de escalonamento e prote\u00e7\u00e3o da propriedade intelectual, enquanto oferecia servi\u00e7os especializados de suporte [&hellip;]\" \/>\n<meta property=\"og:url\" content=\"https:\/\/heptech.com.br\/our-history\/\" \/>\n<meta property=\"og:site_name\" content=\"Heptech\" \/>\n<meta property=\"article:modified_time\" content=\"2024-12-06T13:59:54+00:00\" \/>\n<meta name=\"twitter:card\" content=\"summary_large_image\" \/>\n<meta name=\"twitter:label1\" content=\"Est. tempo de leitura\" \/>\n\t<meta name=\"twitter:data1\" content=\"5 minutos\" \/>\n<script type=\"application\/ld+json\" class=\"yoast-schema-graph\">{\"@context\":\"https:\\\/\\\/schema.org\",\"@graph\":[{\"@type\":\"WebPage\",\"@id\":\"https:\\\/\\\/heptech.com.br\\\/our-history\\\/\",\"url\":\"https:\\\/\\\/heptech.com.br\\\/our-history\\\/\",\"name\":\"[:en]Our History[:pb]Nossa Hist\u00f3ria[:] - Heptech\",\"isPartOf\":{\"@id\":\"https:\\\/\\\/heptech.com.br\\\/#website\"},\"datePublished\":\"2023-09-13T20:34:31+00:00\",\"dateModified\":\"2024-12-06T13:59:54+00:00\",\"breadcrumb\":{\"@id\":\"https:\\\/\\\/heptech.com.br\\\/our-history\\\/#breadcrumb\"},\"inLanguage\":\"pt-BR\",\"potentialAction\":[{\"@type\":\"ReadAction\",\"target\":[\"https:\\\/\\\/heptech.com.br\\\/our-history\\\/\"]}]},{\"@type\":\"BreadcrumbList\",\"@id\":\"https:\\\/\\\/heptech.com.br\\\/our-history\\\/#breadcrumb\",\"itemListElement\":[{\"@type\":\"ListItem\",\"position\":1,\"name\":\"Home\",\"item\":\"https:\\\/\\\/heptech.com.br\\\/\"},{\"@type\":\"ListItem\",\"position\":2,\"name\":\"Our History\"}]},{\"@type\":\"WebSite\",\"@id\":\"https:\\\/\\\/heptech.com.br\\\/#website\",\"url\":\"https:\\\/\\\/heptech.com.br\\\/\",\"name\":\"Heptech\",\"description\":\"innovating for a healthier future\",\"publisher\":{\"@id\":\"https:\\\/\\\/heptech.com.br\\\/#organization\"},\"potentialAction\":[{\"@type\":\"SearchAction\",\"target\":{\"@type\":\"EntryPoint\",\"urlTemplate\":\"https:\\\/\\\/heptech.com.br\\\/?s={search_term_string}\"},\"query-input\":{\"@type\":\"PropertyValueSpecification\",\"valueRequired\":true,\"valueName\":\"search_term_string\"}}],\"inLanguage\":\"pt-BR\"},{\"@type\":\"Organization\",\"@id\":\"https:\\\/\\\/heptech.com.br\\\/#organization\",\"name\":\"Heptech\",\"url\":\"https:\\\/\\\/heptech.com.br\\\/\",\"logo\":{\"@type\":\"ImageObject\",\"inLanguage\":\"pt-BR\",\"@id\":\"https:\\\/\\\/heptech.com.br\\\/#\\\/schema\\\/logo\\\/image\\\/\",\"url\":\"https:\\\/\\\/heptech.com.br\\\/wp-content\\\/uploads\\\/2020\\\/07\\\/heptech-header-logo-heptech.png\",\"contentUrl\":\"https:\\\/\\\/heptech.com.br\\\/wp-content\\\/uploads\\\/2020\\\/07\\\/heptech-header-logo-heptech.png\",\"width\":233,\"height\":64,\"caption\":\"Heptech\"},\"image\":{\"@id\":\"https:\\\/\\\/heptech.com.br\\\/#\\\/schema\\\/logo\\\/image\\\/\"}}]}<\/script>\n<!-- \/ Yoast SEO plugin. -->","yoast_head_json":{"title":"[:en]Our History[:pb]Nossa Hist\u00f3ria[:] - Heptech","robots":{"index":"index","follow":"follow","max-snippet":"max-snippet:-1","max-image-preview":"max-image-preview:large","max-video-preview":"max-video-preview:-1"},"canonical":"https:\/\/heptech.com.br\/our-history\/","og_locale":"pt_BR","og_type":"article","og_title":"[:en]Our History[:pb]Nossa Hist\u00f3ria[:] - Heptech","og_description":"[vc_section full_width=&#8221;stretch_row&#8221; el_id=&#8221;intro-history&#8221;][vc_row][vc_column][vc_column_text] A Heptech, l\u00edder em pesquisa de polissacar\u00eddeos sulfatados, respondeu \u00e0 crise do sistema de sa\u00fade brasileira de 2008 identificando problemas com a heparina bovina tradicional e desenvolvendo alternativas mais seguras. A empresa avan\u00e7ou essas inova\u00e7\u00f5es por meio de processos de escalonamento e prote\u00e7\u00e3o da propriedade intelectual, enquanto oferecia servi\u00e7os especializados de suporte [&hellip;]","og_url":"https:\/\/heptech.com.br\/our-history\/","og_site_name":"Heptech","article_modified_time":"2024-12-06T13:59:54+00:00","twitter_card":"summary_large_image","twitter_misc":{"Est. tempo de leitura":"5 minutos"},"schema":{"@context":"https:\/\/schema.org","@graph":[{"@type":"WebPage","@id":"https:\/\/heptech.com.br\/our-history\/","url":"https:\/\/heptech.com.br\/our-history\/","name":"[:en]Our History[:pb]Nossa Hist\u00f3ria[:] - Heptech","isPartOf":{"@id":"https:\/\/heptech.com.br\/#website"},"datePublished":"2023-09-13T20:34:31+00:00","dateModified":"2024-12-06T13:59:54+00:00","breadcrumb":{"@id":"https:\/\/heptech.com.br\/our-history\/#breadcrumb"},"inLanguage":"pt-BR","potentialAction":[{"@type":"ReadAction","target":["https:\/\/heptech.com.br\/our-history\/"]}]},{"@type":"BreadcrumbList","@id":"https:\/\/heptech.com.br\/our-history\/#breadcrumb","itemListElement":[{"@type":"ListItem","position":1,"name":"Home","item":"https:\/\/heptech.com.br\/"},{"@type":"ListItem","position":2,"name":"Our History"}]},{"@type":"WebSite","@id":"https:\/\/heptech.com.br\/#website","url":"https:\/\/heptech.com.br\/","name":"Heptech","description":"innovating for a healthier future","publisher":{"@id":"https:\/\/heptech.com.br\/#organization"},"potentialAction":[{"@type":"SearchAction","target":{"@type":"EntryPoint","urlTemplate":"https:\/\/heptech.com.br\/?s={search_term_string}"},"query-input":{"@type":"PropertyValueSpecification","valueRequired":true,"valueName":"search_term_string"}}],"inLanguage":"pt-BR"},{"@type":"Organization","@id":"https:\/\/heptech.com.br\/#organization","name":"Heptech","url":"https:\/\/heptech.com.br\/","logo":{"@type":"ImageObject","inLanguage":"pt-BR","@id":"https:\/\/heptech.com.br\/#\/schema\/logo\/image\/","url":"https:\/\/heptech.com.br\/wp-content\/uploads\/2020\/07\/heptech-header-logo-heptech.png","contentUrl":"https:\/\/heptech.com.br\/wp-content\/uploads\/2020\/07\/heptech-header-logo-heptech.png","width":233,"height":64,"caption":"Heptech"},"image":{"@id":"https:\/\/heptech.com.br\/#\/schema\/logo\/image\/"}}]}},"_links":{"self":[{"href":"https:\/\/heptech.com.br\/pb\/wp-json\/wp\/v2\/pages\/1026","targetHints":{"allow":["GET"]}}],"collection":[{"href":"https:\/\/heptech.com.br\/pb\/wp-json\/wp\/v2\/pages"}],"about":[{"href":"https:\/\/heptech.com.br\/pb\/wp-json\/wp\/v2\/types\/page"}],"author":[{"embeddable":true,"href":"https:\/\/heptech.com.br\/pb\/wp-json\/wp\/v2\/users\/1"}],"replies":[{"embeddable":true,"href":"https:\/\/heptech.com.br\/pb\/wp-json\/wp\/v2\/comments?post=1026"}],"version-history":[{"count":0,"href":"https:\/\/heptech.com.br\/pb\/wp-json\/wp\/v2\/pages\/1026\/revisions"}],"wp:attachment":[{"href":"https:\/\/heptech.com.br\/pb\/wp-json\/wp\/v2\/media?parent=1026"}],"curies":[{"name":"wp","href":"https:\/\/api.w.org\/{rel}","templated":true}]}}