{"id":1024,"date":"2023-09-13T17:33:33","date_gmt":"2023-09-13T20:33:33","guid":{"rendered":"https:\/\/heptech.com.br\/?page_id=1024"},"modified":"2024-01-25T15:40:09","modified_gmt":"2024-01-25T18:40:09","slug":"rd-projects","status":"publish","type":"page","link":"https:\/\/heptech.com.br\/pb\/rd-projects\/","title":{"rendered":"Projetos de P&#038;D"},"content":{"rendered":"<div class=\"wpb-content-wrapper\"><p><\/p>\n<p>[vc_section full_width=&#8221;stretch_row&#8221; el_id=&#8221;intro-projects&#8221;][vc_row][vc_column width=&#8221;1\/2&#8243;][vc_column_text]<\/p>\n<p>Na Heptech, nosso objetivo \u00e9 aproveitar nossa experi\u00eancia e recursos utilizando pesquisa cient\u00edfica rigorosa no desenvolvimento de produtos farmac\u00eauticos inovadores. A jornada para comercializar esses produtos depende de sua maturidade tecnol\u00f3gica, conhecimento de mercado e aspectos inovadores do medicamento.<\/p>\n<p>[\/vc_column_text][\/vc_column][vc_column width=&#8221;1\/2&#8243;][vc_column_text]<\/p>\n<p>Produtos altamente disruptivos geralmente exigem estudos regulat\u00f3rios extensos para avaliar rigorosamente sua seguran\u00e7a e efic\u00e1cia, juntamente com detalhes abrangentes sobre processos de fabrica\u00e7\u00e3o e protocolos de estrat\u00e9gia de ensaio.<\/p>\n<p>[\/vc_column_text][\/vc_column][\/vc_row][\/vc_section][vc_section full_width=&#8221;stretch_row&#8221; el_id=&#8221;projects&#8221; css=&#8221;.vc_custom_1694717268954{background-color: #f1f5f5 !important;}&#8221;][vc_row equal_height=&#8221;yes&#8221; content_placement=&#8221;middle&#8221; el_id=&#8221;safe-bovine-heparin&#8221;][vc_column width=&#8221;1\/2&#8243; el_class=&#8221;imagem&#8221;][vc_single_image image=&#8221;1232&#8243; img_size=&#8221;thumb-project&#8221; alignment=&#8221;center&#8221;][\/vc_column][vc_column width=&#8221;1\/2&#8243; el_class=&#8221;texto&#8221;][vc_custom_heading text=&#8221;Heparina Bovina Segura&#8221; use_theme_fonts=&#8221;yes&#8221;][vc_column_text]<\/p>\n<p>Este projeto est\u00e1 focado em aproveitar nossa tecnologia inovadora para produzir lotes piloto de Heparina Bovina Segura (SBH) crua e como Ingrediente Farmac\u00eautico Ativo (IFA). SBH, uma Heparina Bovina de qualidade aprimorada, tem efeito cl\u00ednico e tolerabilidade iguais \u00e0 vers\u00e3o su\u00edna, podendo ser usada como medicamento intercambi\u00e1vel com a heparina su\u00edna (produto refer\u00eancia). A rota de comercializa\u00e7\u00e3o para SBH varia de acordo com o mercado, podendo mudar conforme crit\u00e9rios regulat\u00f3rios regionais espec\u00edficos. Para oportunidades de investimento ou parceria na produ\u00e7\u00e3o de SBH, convidamos voc\u00ea a entrar em contato com a Heptech.<\/p>\n<p>[\/vc_column_text][\/vc_column][\/vc_row][vc_row equal_height=&#8221;yes&#8221; content_placement=&#8221;middle&#8221; el_id=&#8221;bovine-enoxaparin&#8221;][vc_column width=&#8221;1\/2&#8243; el_class=&#8221;texto&#8221;][vc_custom_heading text=&#8221;\u201cEnoxaparina\u201d Bovina&#8221; font_container=&#8221;tag:h2|text_align:right&#8221; use_theme_fonts=&#8221;yes&#8221;][vc_column_text]<\/p>\n<p>Este projeto inovador se concentra no desenvolvimento da primeira heparina de baixo peso molecular de origem bovina (B-LMWH). Na Heptech, desenvolvemos em escala laboratorial uma LMWH bovina econ\u00f4mica vi\u00e1vel e que tem caracter\u00edsticas farmacopeicas iguais \u00e0s da heparina su\u00edna. Esta inova\u00e7\u00e3o visa n\u00e3o apenas mitigar o risco de escassez de enoxaparina, mas tamb\u00e9m atender \u00e0s necessidades das comunidades mu\u00e7ulmanas que buscam produtos m\u00e9dicos n\u00e3o su\u00ednos. As pr\u00f3ximas fases desta empreitada envolvem a coleta de dados pr\u00e9-cl\u00ednicos, elabora\u00e7\u00e3o de detalhes de fabrica\u00e7\u00e3o e prepara\u00e7\u00e3o de protocolos de ensaios cl\u00ednicos. Estas s\u00e3o etapas iniciais cruciais para a submiss\u00e3o de aplica\u00e7\u00f5es a \u00f3rg\u00e3os reguladores em novos mercados.<\/p>\n<p>[\/vc_column_text][\/vc_column][vc_column width=&#8221;1\/2&#8243; el_class=&#8221;imagem&#8221;][vc_single_image image=&#8221;1234&#8243; img_size=&#8221;thumb-project&#8221; alignment=&#8221;center&#8221;][\/vc_column][\/vc_row][vc_row equal_height=&#8221;yes&#8221; content_placement=&#8221;middle&#8221;][vc_column width=&#8221;1\/2&#8243; el_class=&#8221;imagem&#8221;][vc_single_image image=&#8221;1231&#8243; img_size=&#8221;thumb-project&#8221; alignment=&#8221;center&#8221;][\/vc_column][vc_column width=&#8221;1\/2&#8243; el_class=&#8221;texto&#8221;][vc_custom_heading text=&#8221;Heparina Antimetast\u00e1tica N\u00e3o Anticoagulante&#8221; use_theme_fonts=&#8221;yes&#8221;][vc_column_text]<\/p>\n<p>Pesquisa e desenvolvimento em heparina bovina b\u00e1sica revelaram uma fra\u00e7\u00e3o com estrutura diferenciada que exibe baixa atividade anticoagulante. Esta Heparina Bovina de Baixa Atividade Anticoagulante (LABH) demonstrou efic\u00e1cia na inibi\u00e7\u00e3o do crescimento tumoral e met\u00e1stase em modelos animais, sem o risco de efeitos colaterais hemorr\u00e1gicos. Atualmente, este produto de P&amp;D est\u00e1 sendo extensivamente estudado para elucidar seu exato mecanismo de a\u00e7\u00e3o e para determinar sua aplicabilidade potencial em v\u00e1rios tipos de c\u00e2ncer. Como produto fundamentalmente inovador, LABH necessita de financiamento adicional. Consequentemente, a Heptech est\u00e1 ativamente buscando um parceiro de desenvolvimento para avan\u00e7ar neste trabalho pioneiro.<\/p>\n<p>[\/vc_column_text][\/vc_column][\/vc_row][\/vc_section]<\/p>\n<p><\/p>\n<\/div>","protected":false},"excerpt":{"rendered":"<p>[vc_section full_width=&#8221;stretch_row&#8221; el_id=&#8221;intro-projects&#8221;][vc_row][vc_column width=&#8221;1\/2&#8243;][vc_column_text] Na Heptech, nosso objetivo \u00e9 aproveitar nossa experi\u00eancia e recursos utilizando pesquisa cient\u00edfica rigorosa no desenvolvimento de produtos farmac\u00eauticos inovadores. A jornada para comercializar esses produtos depende de sua maturidade tecnol\u00f3gica, conhecimento de mercado e aspectos inovadores do medicamento. [\/vc_column_text][\/vc_column][vc_column width=&#8221;1\/2&#8243;][vc_column_text] Produtos altamente disruptivos geralmente exigem estudos regulat\u00f3rios extensos para avaliar [&hellip;]<\/p>\n","protected":false},"author":1,"featured_media":0,"parent":0,"menu_order":3,"comment_status":"closed","ping_status":"closed","template":"page-templates\/com-titulo_sem-sidebar.php","meta":{"_acf_changed":false,"footnotes":""},"class_list":["post-1024","page","type-page","status-publish","hentry"],"acf":[],"yoast_head":"<!-- This site is optimized with the Yoast SEO plugin v27.3 - https:\/\/yoast.com\/product\/yoast-seo-wordpress\/ -->\n<title>Projetos de P&amp;D - Heptech<\/title>\n<meta name=\"robots\" content=\"index, follow, max-snippet:-1, max-image-preview:large, max-video-preview:-1\" \/>\n<link rel=\"canonical\" href=\"https:\/\/heptech.com.br\/rd-projects\/\" \/>\n<meta property=\"og:locale\" content=\"pt_BR\" \/>\n<meta property=\"og:type\" content=\"article\" \/>\n<meta property=\"og:title\" content=\"[:en]R&amp;D Projects[:pb]Projetos de P&amp;D[:] - Heptech\" \/>\n<meta property=\"og:description\" content=\"[vc_section full_width=&#8221;stretch_row&#8221; el_id=&#8221;intro-projects&#8221;][vc_row][vc_column width=&#8221;1\/2&#8243;][vc_column_text] Na Heptech, nosso objetivo \u00e9 aproveitar nossa experi\u00eancia e recursos utilizando pesquisa cient\u00edfica rigorosa no desenvolvimento de produtos farmac\u00eauticos inovadores. A jornada para comercializar esses produtos depende de sua maturidade tecnol\u00f3gica, conhecimento de mercado e aspectos inovadores do medicamento. [\/vc_column_text][\/vc_column][vc_column width=&#8221;1\/2&#8243;][vc_column_text] Produtos altamente disruptivos geralmente exigem estudos regulat\u00f3rios extensos para avaliar [&hellip;]\" \/>\n<meta property=\"og:url\" content=\"https:\/\/heptech.com.br\/rd-projects\/\" \/>\n<meta property=\"og:site_name\" content=\"Heptech\" \/>\n<meta property=\"article:modified_time\" content=\"2024-01-25T18:40:09+00:00\" \/>\n<meta name=\"twitter:card\" content=\"summary_large_image\" \/>\n<meta name=\"twitter:label1\" content=\"Est. tempo de leitura\" \/>\n\t<meta name=\"twitter:data1\" content=\"3 minutos\" \/>\n<script type=\"application\/ld+json\" class=\"yoast-schema-graph\">{\"@context\":\"https:\\\/\\\/schema.org\",\"@graph\":[{\"@type\":\"WebPage\",\"@id\":\"https:\\\/\\\/heptech.com.br\\\/rd-projects\\\/\",\"url\":\"https:\\\/\\\/heptech.com.br\\\/rd-projects\\\/\",\"name\":\"[:en]R&D Projects[:pb]Projetos de P&D[:] - Heptech\",\"isPartOf\":{\"@id\":\"https:\\\/\\\/heptech.com.br\\\/#website\"},\"datePublished\":\"2023-09-13T20:33:33+00:00\",\"dateModified\":\"2024-01-25T18:40:09+00:00\",\"breadcrumb\":{\"@id\":\"https:\\\/\\\/heptech.com.br\\\/rd-projects\\\/#breadcrumb\"},\"inLanguage\":\"pt-BR\",\"potentialAction\":[{\"@type\":\"ReadAction\",\"target\":[\"https:\\\/\\\/heptech.com.br\\\/rd-projects\\\/\"]}]},{\"@type\":\"BreadcrumbList\",\"@id\":\"https:\\\/\\\/heptech.com.br\\\/rd-projects\\\/#breadcrumb\",\"itemListElement\":[{\"@type\":\"ListItem\",\"position\":1,\"name\":\"Home\",\"item\":\"https:\\\/\\\/heptech.com.br\\\/\"},{\"@type\":\"ListItem\",\"position\":2,\"name\":\"R&#038;D Projects\"}]},{\"@type\":\"WebSite\",\"@id\":\"https:\\\/\\\/heptech.com.br\\\/#website\",\"url\":\"https:\\\/\\\/heptech.com.br\\\/\",\"name\":\"Heptech\",\"description\":\"innovating for a healthier future\",\"publisher\":{\"@id\":\"https:\\\/\\\/heptech.com.br\\\/#organization\"},\"potentialAction\":[{\"@type\":\"SearchAction\",\"target\":{\"@type\":\"EntryPoint\",\"urlTemplate\":\"https:\\\/\\\/heptech.com.br\\\/?s={search_term_string}\"},\"query-input\":{\"@type\":\"PropertyValueSpecification\",\"valueRequired\":true,\"valueName\":\"search_term_string\"}}],\"inLanguage\":\"pt-BR\"},{\"@type\":\"Organization\",\"@id\":\"https:\\\/\\\/heptech.com.br\\\/#organization\",\"name\":\"Heptech\",\"url\":\"https:\\\/\\\/heptech.com.br\\\/\",\"logo\":{\"@type\":\"ImageObject\",\"inLanguage\":\"pt-BR\",\"@id\":\"https:\\\/\\\/heptech.com.br\\\/#\\\/schema\\\/logo\\\/image\\\/\",\"url\":\"https:\\\/\\\/heptech.com.br\\\/wp-content\\\/uploads\\\/2020\\\/07\\\/heptech-header-logo-heptech.png\",\"contentUrl\":\"https:\\\/\\\/heptech.com.br\\\/wp-content\\\/uploads\\\/2020\\\/07\\\/heptech-header-logo-heptech.png\",\"width\":233,\"height\":64,\"caption\":\"Heptech\"},\"image\":{\"@id\":\"https:\\\/\\\/heptech.com.br\\\/#\\\/schema\\\/logo\\\/image\\\/\"}}]}<\/script>\n<!-- \/ Yoast SEO plugin. -->","yoast_head_json":{"title":"[:en]R&D Projects[:pb]Projetos de P&D[:] - Heptech","robots":{"index":"index","follow":"follow","max-snippet":"max-snippet:-1","max-image-preview":"max-image-preview:large","max-video-preview":"max-video-preview:-1"},"canonical":"https:\/\/heptech.com.br\/rd-projects\/","og_locale":"pt_BR","og_type":"article","og_title":"[:en]R&D Projects[:pb]Projetos de P&D[:] - Heptech","og_description":"[vc_section full_width=&#8221;stretch_row&#8221; el_id=&#8221;intro-projects&#8221;][vc_row][vc_column width=&#8221;1\/2&#8243;][vc_column_text] Na Heptech, nosso objetivo \u00e9 aproveitar nossa experi\u00eancia e recursos utilizando pesquisa cient\u00edfica rigorosa no desenvolvimento de produtos farmac\u00eauticos inovadores. A jornada para comercializar esses produtos depende de sua maturidade tecnol\u00f3gica, conhecimento de mercado e aspectos inovadores do medicamento. [\/vc_column_text][\/vc_column][vc_column width=&#8221;1\/2&#8243;][vc_column_text] Produtos altamente disruptivos geralmente exigem estudos regulat\u00f3rios extensos para avaliar [&hellip;]","og_url":"https:\/\/heptech.com.br\/rd-projects\/","og_site_name":"Heptech","article_modified_time":"2024-01-25T18:40:09+00:00","twitter_card":"summary_large_image","twitter_misc":{"Est. tempo de leitura":"3 minutos"},"schema":{"@context":"https:\/\/schema.org","@graph":[{"@type":"WebPage","@id":"https:\/\/heptech.com.br\/rd-projects\/","url":"https:\/\/heptech.com.br\/rd-projects\/","name":"[:en]R&D Projects[:pb]Projetos de P&D[:] - Heptech","isPartOf":{"@id":"https:\/\/heptech.com.br\/#website"},"datePublished":"2023-09-13T20:33:33+00:00","dateModified":"2024-01-25T18:40:09+00:00","breadcrumb":{"@id":"https:\/\/heptech.com.br\/rd-projects\/#breadcrumb"},"inLanguage":"pt-BR","potentialAction":[{"@type":"ReadAction","target":["https:\/\/heptech.com.br\/rd-projects\/"]}]},{"@type":"BreadcrumbList","@id":"https:\/\/heptech.com.br\/rd-projects\/#breadcrumb","itemListElement":[{"@type":"ListItem","position":1,"name":"Home","item":"https:\/\/heptech.com.br\/"},{"@type":"ListItem","position":2,"name":"R&#038;D Projects"}]},{"@type":"WebSite","@id":"https:\/\/heptech.com.br\/#website","url":"https:\/\/heptech.com.br\/","name":"Heptech","description":"innovating for a healthier future","publisher":{"@id":"https:\/\/heptech.com.br\/#organization"},"potentialAction":[{"@type":"SearchAction","target":{"@type":"EntryPoint","urlTemplate":"https:\/\/heptech.com.br\/?s={search_term_string}"},"query-input":{"@type":"PropertyValueSpecification","valueRequired":true,"valueName":"search_term_string"}}],"inLanguage":"pt-BR"},{"@type":"Organization","@id":"https:\/\/heptech.com.br\/#organization","name":"Heptech","url":"https:\/\/heptech.com.br\/","logo":{"@type":"ImageObject","inLanguage":"pt-BR","@id":"https:\/\/heptech.com.br\/#\/schema\/logo\/image\/","url":"https:\/\/heptech.com.br\/wp-content\/uploads\/2020\/07\/heptech-header-logo-heptech.png","contentUrl":"https:\/\/heptech.com.br\/wp-content\/uploads\/2020\/07\/heptech-header-logo-heptech.png","width":233,"height":64,"caption":"Heptech"},"image":{"@id":"https:\/\/heptech.com.br\/#\/schema\/logo\/image\/"}}]}},"_links":{"self":[{"href":"https:\/\/heptech.com.br\/pb\/wp-json\/wp\/v2\/pages\/1024","targetHints":{"allow":["GET"]}}],"collection":[{"href":"https:\/\/heptech.com.br\/pb\/wp-json\/wp\/v2\/pages"}],"about":[{"href":"https:\/\/heptech.com.br\/pb\/wp-json\/wp\/v2\/types\/page"}],"author":[{"embeddable":true,"href":"https:\/\/heptech.com.br\/pb\/wp-json\/wp\/v2\/users\/1"}],"replies":[{"embeddable":true,"href":"https:\/\/heptech.com.br\/pb\/wp-json\/wp\/v2\/comments?post=1024"}],"version-history":[{"count":0,"href":"https:\/\/heptech.com.br\/pb\/wp-json\/wp\/v2\/pages\/1024\/revisions"}],"wp:attachment":[{"href":"https:\/\/heptech.com.br\/pb\/wp-json\/wp\/v2\/media?parent=1024"}],"curies":[{"name":"wp","href":"https:\/\/api.w.org\/{rel}","templated":true}]}}