{"id":1020,"date":"2023-09-13T17:32:42","date_gmt":"2023-09-13T20:32:42","guid":{"rendered":"https:\/\/heptech.com.br\/?page_id=1020"},"modified":"2023-11-27T13:01:37","modified_gmt":"2023-11-27T16:01:37","slug":"services","status":"publish","type":"page","link":"https:\/\/heptech.com.br\/pb\/services\/","title":{"rendered":"Servi\u00e7os"},"content":{"rendered":"<div class=\"wpb-content-wrapper\"><p><\/p>\n<p>[vc_section full_width=&#8221;stretch_row&#8221; el_id=&#8221;intro-services&#8221;][vc_row][vc_column][vc_column_text]<\/p>\n<p>Na Heptech, comprovamos a alta qualidade na fabrica\u00e7\u00e3o farmac\u00eautica com o uso de um rigoroso controle de qualidade. Colaboramos com parceiros para otimizar a produ\u00e7\u00e3o, reduzindo custos e melhorando a qualidade. Nosso profundo conhecimento do mercado de heparina ajuda na conex\u00e3o eficiente entre compradores e vendedores, visando avan\u00e7ar os padr\u00f5es da ind\u00fastria e satisfazer as necessidades dos clientes.<\/p>\n<p>[\/vc_column_text][\/vc_column][\/vc_row][\/vc_section][vc_section full_width=&#8221;stretch_row&#8221; el_id=&#8221;services&#8221; css=&#8221;.vc_custom_1696446360207{background-color: #f1f5f5 !important;}&#8221;][vc_row equal_height=&#8221;yes&#8221; content_placement=&#8221;middle&#8221;][vc_column width=&#8221;1\/2&#8243; el_class=&#8221;imagem&#8221;][vc_single_image image=&#8221;1283&#8243; img_size=&#8221;thumb-service&#8221; alignment=&#8221;center&#8221;][\/vc_column][vc_column width=&#8221;1\/2&#8243; el_class=&#8221;texto&#8221;][vc_custom_heading text=&#8221;Controle de Qualidade&#8221; use_theme_fonts=&#8221;yes&#8221;][vc_column_text]<\/p>\n<p>Na Heptech, priorizamos os mais altos padr\u00f5es de qualidade em todo o nosso processo de fabrica\u00e7\u00e3o. Realizamos testes e an\u00e1lises abrangentes de mat\u00e9rias-primas, materiais em processo e produtos acabados para garantir que atendam \u00e0s rigorosas especifica\u00e7\u00f5es de qualidade. Nossos procedimentos de teste abrangem uma gama de fatores cr\u00edticos, incluindo pot\u00eancia, pureza, identidade e outros atributos de qualidade. Ao aderir a esses padr\u00f5es rigorosos, garantimos que os produtos n\u00e3o apenas atendam aos padr\u00f5es \u00e9ticos, mas tamb\u00e9m cumpram todos os requisitos regulat\u00f3rios relevantes. Alguns exemplos dos servi\u00e7os da Heptech incluem:<\/p>\n<ul>\n<li>Resson\u00e2ncia Magn\u00e9tica Nuclear (RMN) 1D e 2D<\/li>\n<li>Cromatografia de troca i\u00f4nica &#8211; HPLC<\/li>\n<li>Cromatografia de Gel Filtra\u00e7\u00e3o<\/li>\n<li>Densidade \u00f3ptica<\/li>\n<li>Eletroforese em gel de agarose<\/li>\n<li>PAGE<\/li>\n<li>Titula\u00e7\u00e3o Condutim\u00e9trica<\/li>\n<li>Endotoxinas bacterianas<\/li>\n<li>TTPa (plasma ovino e humano)<\/li>\n<li>Atividade Anti-FIIa e Anti-FXa<\/li>\n<\/ul>\n<p>[\/vc_column_text][\/vc_column][\/vc_row][vc_row equal_height=&#8221;yes&#8221; content_placement=&#8221;middle&#8221;][vc_column width=&#8221;1\/2&#8243; el_class=&#8221;texto&#8221;][vc_custom_heading text=&#8221;Otimiza\u00e7\u00e3o de Processos&#8221; font_container=&#8221;tag:h2|text_align:right&#8221; use_theme_fonts=&#8221;yes&#8221;][vc_column_text]<\/p>\n<p>Realizamos colabora\u00e7\u00f5es com empresas parceiras para impulsionar a melhoria cont\u00ednua nos processos de fabrica\u00e7\u00e3o. Trabalhando juntos, buscamos otimizar a produtividade, minimizar custos e aprimorar a qualidade do produto. Utilizando tecnologias de ponta e abordagens inovadoras, focamos no refinamento dos processos de produ\u00e7\u00e3o e na mais produtiva utiliza\u00e7\u00e3o de mat\u00e9rias-primas. Atrav\u00e9s dos nossos esfor\u00e7os colaborativos, lutamos para alcan\u00e7ar processos de fabrica\u00e7\u00e3o simplificados e eficientes que atendam aos mais altos padr\u00f5es da ind\u00fastria. Contate-nos para mais informa\u00e7\u00f5es sobre nossos servi\u00e7os colaborativos e como podemos ajudar a otimizar seus processos de fabrica\u00e7\u00e3o.<\/p>\n<p>[\/vc_column_text][\/vc_column][vc_column width=&#8221;1\/2&#8243; el_class=&#8221;imagem&#8221;][vc_single_image image=&#8221;1284&#8243; img_size=&#8221;thumb-service&#8221; alignment=&#8221;center&#8221;][\/vc_column][\/vc_row][vc_row equal_height=&#8221;yes&#8221; content_placement=&#8221;middle&#8221;][vc_column width=&#8221;1\/2&#8243; el_class=&#8221;imagem&#8221;][vc_single_image image=&#8221;1285&#8243; img_size=&#8221;thumb-service&#8221; alignment=&#8221;center&#8221;][\/vc_column][vc_column width=&#8221;1\/2&#8243; el_class=&#8221;texto&#8221;][vc_custom_heading text=&#8221;Intermedia\u00e7\u00e3o de Vendas&#8221; use_theme_fonts=&#8221;yes&#8221;][vc_column_text]<\/p>\n<p>Nosso profundo conhecimento de mercado combinado com nossa expertise t\u00e9cnica em garantir produtos de alta qualidade nos capacita a efetivamente preencher a lacuna entre compradores e vendedores, agilizando o processo de transa\u00e7\u00e3o. Para aqueles que procuram comprar ou vender heparina ou enoxaparina, a Heptech se destaca como o parceiro ideal, dedicado a alinhar voc\u00ea com as op\u00e7\u00f5es mais favor\u00e1veis em termos de pre\u00e7o e qualidade do produto. Al\u00e9m disso, incentivamos os produtores de heparina bruta, API de heparina ou enoxaparina a enviar amostras de seus produtos para fazer parte da base de dados da Heptech. Esta an\u00e1lise gratuita n\u00e3o apenas enriquecer\u00e1 nosso banco de dados, mas tamb\u00e9m fornecer\u00e1 insights sobre suas ofertas, ajudando a posicionar seus produtos de maneira ideal no mercado.<\/p>\n<p>[\/vc_column_text][\/vc_column][\/vc_row][\/vc_section]<\/p>\n<p><\/p>\n<\/div>","protected":false},"excerpt":{"rendered":"<p>[vc_section full_width=&#8221;stretch_row&#8221; el_id=&#8221;intro-services&#8221;][vc_row][vc_column][vc_column_text] Na Heptech, comprovamos a alta qualidade na fabrica\u00e7\u00e3o farmac\u00eautica com o uso de um rigoroso controle de qualidade. Colaboramos com parceiros para otimizar a produ\u00e7\u00e3o, reduzindo custos e melhorando a qualidade. Nosso profundo conhecimento do mercado de heparina ajuda na conex\u00e3o eficiente entre compradores e vendedores, visando avan\u00e7ar os padr\u00f5es da ind\u00fastria [&hellip;]<\/p>\n","protected":false},"author":1,"featured_media":0,"parent":0,"menu_order":4,"comment_status":"closed","ping_status":"closed","template":"page-templates\/com-titulo_sem-sidebar.php","meta":{"_acf_changed":false,"footnotes":""},"class_list":["post-1020","page","type-page","status-publish","hentry"],"acf":[],"yoast_head":"<!-- This site is optimized with the Yoast SEO plugin v27.5 - https:\/\/yoast.com\/product\/yoast-seo-wordpress\/ -->\n<title>Servi\u00e7os - Heptech<\/title>\n<meta name=\"robots\" content=\"index, follow, max-snippet:-1, max-image-preview:large, max-video-preview:-1\" \/>\n<link rel=\"canonical\" href=\"https:\/\/heptech.com.br\/services\/\" \/>\n<meta property=\"og:locale\" content=\"pt_BR\" \/>\n<meta property=\"og:type\" content=\"article\" \/>\n<meta property=\"og:title\" content=\"[:en]Services[:pb]Servi\u00e7os[:] - Heptech\" \/>\n<meta property=\"og:description\" content=\"[vc_section full_width=&#8221;stretch_row&#8221; el_id=&#8221;intro-services&#8221;][vc_row][vc_column][vc_column_text] Na Heptech, comprovamos a alta qualidade na fabrica\u00e7\u00e3o farmac\u00eautica com o uso de um rigoroso controle de qualidade. Colaboramos com parceiros para otimizar a produ\u00e7\u00e3o, reduzindo custos e melhorando a qualidade. Nosso profundo conhecimento do mercado de heparina ajuda na conex\u00e3o eficiente entre compradores e vendedores, visando avan\u00e7ar os padr\u00f5es da ind\u00fastria [&hellip;]\" \/>\n<meta property=\"og:url\" content=\"https:\/\/heptech.com.br\/services\/\" \/>\n<meta property=\"og:site_name\" content=\"Heptech\" \/>\n<meta property=\"article:modified_time\" content=\"2023-11-27T16:01:37+00:00\" \/>\n<meta name=\"twitter:card\" content=\"summary_large_image\" \/>\n<meta name=\"twitter:label1\" content=\"Est. tempo de leitura\" \/>\n\t<meta name=\"twitter:data1\" content=\"6 minutos\" \/>\n<script type=\"application\/ld+json\" class=\"yoast-schema-graph\">{\"@context\":\"https:\\\/\\\/schema.org\",\"@graph\":[{\"@type\":\"WebPage\",\"@id\":\"https:\\\/\\\/heptech.com.br\\\/services\\\/\",\"url\":\"https:\\\/\\\/heptech.com.br\\\/services\\\/\",\"name\":\"[:en]Services[:pb]Servi\u00e7os[:] - Heptech\",\"isPartOf\":{\"@id\":\"https:\\\/\\\/heptech.com.br\\\/#website\"},\"datePublished\":\"2023-09-13T20:32:42+00:00\",\"dateModified\":\"2023-11-27T16:01:37+00:00\",\"breadcrumb\":{\"@id\":\"https:\\\/\\\/heptech.com.br\\\/services\\\/#breadcrumb\"},\"inLanguage\":\"pt-BR\",\"potentialAction\":[{\"@type\":\"ReadAction\",\"target\":[\"https:\\\/\\\/heptech.com.br\\\/services\\\/\"]}]},{\"@type\":\"BreadcrumbList\",\"@id\":\"https:\\\/\\\/heptech.com.br\\\/services\\\/#breadcrumb\",\"itemListElement\":[{\"@type\":\"ListItem\",\"position\":1,\"name\":\"Home\",\"item\":\"https:\\\/\\\/heptech.com.br\\\/\"},{\"@type\":\"ListItem\",\"position\":2,\"name\":\"Services\"}]},{\"@type\":\"WebSite\",\"@id\":\"https:\\\/\\\/heptech.com.br\\\/#website\",\"url\":\"https:\\\/\\\/heptech.com.br\\\/\",\"name\":\"Heptech\",\"description\":\"innovating for a healthier future\",\"publisher\":{\"@id\":\"https:\\\/\\\/heptech.com.br\\\/#organization\"},\"potentialAction\":[{\"@type\":\"SearchAction\",\"target\":{\"@type\":\"EntryPoint\",\"urlTemplate\":\"https:\\\/\\\/heptech.com.br\\\/?s={search_term_string}\"},\"query-input\":{\"@type\":\"PropertyValueSpecification\",\"valueRequired\":true,\"valueName\":\"search_term_string\"}}],\"inLanguage\":\"pt-BR\"},{\"@type\":\"Organization\",\"@id\":\"https:\\\/\\\/heptech.com.br\\\/#organization\",\"name\":\"Heptech\",\"url\":\"https:\\\/\\\/heptech.com.br\\\/\",\"logo\":{\"@type\":\"ImageObject\",\"inLanguage\":\"pt-BR\",\"@id\":\"https:\\\/\\\/heptech.com.br\\\/#\\\/schema\\\/logo\\\/image\\\/\",\"url\":\"https:\\\/\\\/heptech.com.br\\\/wp-content\\\/uploads\\\/2020\\\/07\\\/heptech-header-logo-heptech.png\",\"contentUrl\":\"https:\\\/\\\/heptech.com.br\\\/wp-content\\\/uploads\\\/2020\\\/07\\\/heptech-header-logo-heptech.png\",\"width\":233,\"height\":64,\"caption\":\"Heptech\"},\"image\":{\"@id\":\"https:\\\/\\\/heptech.com.br\\\/#\\\/schema\\\/logo\\\/image\\\/\"}}]}<\/script>\n<!-- \/ Yoast SEO plugin. -->","yoast_head_json":{"title":"[:en]Services[:pb]Servi\u00e7os[:] - Heptech","robots":{"index":"index","follow":"follow","max-snippet":"max-snippet:-1","max-image-preview":"max-image-preview:large","max-video-preview":"max-video-preview:-1"},"canonical":"https:\/\/heptech.com.br\/services\/","og_locale":"pt_BR","og_type":"article","og_title":"[:en]Services[:pb]Servi\u00e7os[:] - Heptech","og_description":"[vc_section full_width=&#8221;stretch_row&#8221; el_id=&#8221;intro-services&#8221;][vc_row][vc_column][vc_column_text] Na Heptech, comprovamos a alta qualidade na fabrica\u00e7\u00e3o farmac\u00eautica com o uso de um rigoroso controle de qualidade. Colaboramos com parceiros para otimizar a produ\u00e7\u00e3o, reduzindo custos e melhorando a qualidade. Nosso profundo conhecimento do mercado de heparina ajuda na conex\u00e3o eficiente entre compradores e vendedores, visando avan\u00e7ar os padr\u00f5es da ind\u00fastria [&hellip;]","og_url":"https:\/\/heptech.com.br\/services\/","og_site_name":"Heptech","article_modified_time":"2023-11-27T16:01:37+00:00","twitter_card":"summary_large_image","twitter_misc":{"Est. tempo de leitura":"6 minutos"},"schema":{"@context":"https:\/\/schema.org","@graph":[{"@type":"WebPage","@id":"https:\/\/heptech.com.br\/services\/","url":"https:\/\/heptech.com.br\/services\/","name":"[:en]Services[:pb]Servi\u00e7os[:] - Heptech","isPartOf":{"@id":"https:\/\/heptech.com.br\/#website"},"datePublished":"2023-09-13T20:32:42+00:00","dateModified":"2023-11-27T16:01:37+00:00","breadcrumb":{"@id":"https:\/\/heptech.com.br\/services\/#breadcrumb"},"inLanguage":"pt-BR","potentialAction":[{"@type":"ReadAction","target":["https:\/\/heptech.com.br\/services\/"]}]},{"@type":"BreadcrumbList","@id":"https:\/\/heptech.com.br\/services\/#breadcrumb","itemListElement":[{"@type":"ListItem","position":1,"name":"Home","item":"https:\/\/heptech.com.br\/"},{"@type":"ListItem","position":2,"name":"Services"}]},{"@type":"WebSite","@id":"https:\/\/heptech.com.br\/#website","url":"https:\/\/heptech.com.br\/","name":"Heptech","description":"innovating for a healthier future","publisher":{"@id":"https:\/\/heptech.com.br\/#organization"},"potentialAction":[{"@type":"SearchAction","target":{"@type":"EntryPoint","urlTemplate":"https:\/\/heptech.com.br\/?s={search_term_string}"},"query-input":{"@type":"PropertyValueSpecification","valueRequired":true,"valueName":"search_term_string"}}],"inLanguage":"pt-BR"},{"@type":"Organization","@id":"https:\/\/heptech.com.br\/#organization","name":"Heptech","url":"https:\/\/heptech.com.br\/","logo":{"@type":"ImageObject","inLanguage":"pt-BR","@id":"https:\/\/heptech.com.br\/#\/schema\/logo\/image\/","url":"https:\/\/heptech.com.br\/wp-content\/uploads\/2020\/07\/heptech-header-logo-heptech.png","contentUrl":"https:\/\/heptech.com.br\/wp-content\/uploads\/2020\/07\/heptech-header-logo-heptech.png","width":233,"height":64,"caption":"Heptech"},"image":{"@id":"https:\/\/heptech.com.br\/#\/schema\/logo\/image\/"}}]}},"_links":{"self":[{"href":"https:\/\/heptech.com.br\/pb\/wp-json\/wp\/v2\/pages\/1020","targetHints":{"allow":["GET"]}}],"collection":[{"href":"https:\/\/heptech.com.br\/pb\/wp-json\/wp\/v2\/pages"}],"about":[{"href":"https:\/\/heptech.com.br\/pb\/wp-json\/wp\/v2\/types\/page"}],"author":[{"embeddable":true,"href":"https:\/\/heptech.com.br\/pb\/wp-json\/wp\/v2\/users\/1"}],"replies":[{"embeddable":true,"href":"https:\/\/heptech.com.br\/pb\/wp-json\/wp\/v2\/comments?post=1020"}],"version-history":[{"count":0,"href":"https:\/\/heptech.com.br\/pb\/wp-json\/wp\/v2\/pages\/1020\/revisions"}],"wp:attachment":[{"href":"https:\/\/heptech.com.br\/pb\/wp-json\/wp\/v2\/media?parent=1020"}],"curies":[{"name":"wp","href":"https:\/\/api.w.org\/{rel}","templated":true}]}}